{"id":6011,"date":"2024-01-27T12:15:26","date_gmt":"2024-01-27T09:15:26","guid":{"rendered":"https:\/\/ozturkiselbiseleri.com\/?post_type=product&#038;p=6011"},"modified":"2024-01-27T12:15:26","modified_gmt":"2024-01-27T09:15:26","slug":"polo-yaka-tisort-gri-melanj","status":"publish","type":"product","link":"https:\/\/ozturkiselbiseleri.com\/?product=polo-yaka-tisort-gri-melanj","title":{"rendered":"Polo Yaka Ti\u015f\u00f6rt Gri Melanj"},"content":{"rendered":"<h3 class=\"theme-h3\">\u00dcr\u00fcn Bilgisi<\/h3>\n<div class=\"productcontentnk\">\n<ul>\n<li>Polo yaka<\/li>\n<li>K\u0131sa kollu<\/li>\n<li>\u00d6nde 2 d\u00fc\u011fmeli Pat<\/li>\n<\/ul>\n<p><strong>Kuma\u015f:\u00a0<\/strong>%50 Pamuk, %50 Polyester 195 gr\/m\u00b2<\/div>\n","protected":false},"excerpt":{"rendered":"<p>\u00dcr\u00fcn Bilgisi Polo yaka K\u0131sa kollu \u00d6nde 2 d\u00fc\u011fmeli Pat Kuma\u015f:\u00a0%50 Pamuk, %50 Polyester 195 gr\/m\u00b2<\/p>\n","protected":false},"featured_media":6012,"comment_status":"open","ping_status":"closed","template":"","meta":[],"product_cat":[35,43],"product_tag":[],"_links":{"self":[{"href":"https:\/\/ozturkiselbiseleri.com\/index.php?rest_route=\/wp\/v2\/product\/6011"}],"collection":[{"href":"https:\/\/ozturkiselbiseleri.com\/index.php?rest_route=\/wp\/v2\/product"}],"about":[{"href":"https:\/\/ozturkiselbiseleri.com\/index.php?rest_route=\/wp\/v2\/types\/product"}],"replies":[{"embeddable":true,"href":"https:\/\/ozturkiselbiseleri.com\/index.php?rest_route=%2Fwp%2Fv2%2Fcomments&post=6011"}],"wp:featuredmedia":[{"embeddable":true,"href":"https:\/\/ozturkiselbiseleri.com\/index.php?rest_route=\/wp\/v2\/media\/6012"}],"wp:attachment":[{"href":"https:\/\/ozturkiselbiseleri.com\/index.php?rest_route=%2Fwp%2Fv2%2Fmedia&parent=6011"}],"wp:term":[{"taxonomy":"product_cat","embeddable":true,"href":"https:\/\/ozturkiselbiseleri.com\/index.php?rest_route=%2Fwp%2Fv2%2Fproduct_cat&post=6011"},{"taxonomy":"product_tag","embeddable":true,"href":"https:\/\/ozturkiselbiseleri.com\/index.php?rest_route=%2Fwp%2Fv2%2Fproduct_tag&post=6011"}],"curies":[{"name":"wp","href":"https:\/\/api.w.org\/{rel}","templated":true}]}}