{"id":6013,"date":"2024-01-27T12:16:42","date_gmt":"2024-01-27T09:16:42","guid":{"rendered":"https:\/\/ozturkiselbiseleri.com\/?post_type=product&#038;p=6013"},"modified":"2024-01-27T12:16:43","modified_gmt":"2024-01-27T09:16:43","slug":"cerva-alzette-asci-sapka","status":"publish","type":"product","link":"https:\/\/ozturkiselbiseleri.com\/?product=cerva-alzette-asci-sapka","title":{"rendered":"Cerva Alzette A\u015f\u00e7\u0131 \u015eapka"},"content":{"rendered":"<h3 class=\"theme-h3\">\u00dcr\u00fcn Bilgisi<\/h3>\n<div class=\"productcontentnk\">\n<ul>\n<li>Hafif ve rahat<\/li>\n<li>Beyzbol \u015fapkas\u0131 g\u00f6r\u00fcn\u00fcm\u00fcnde modern tasar\u0131m<\/li>\n<li>Yanlarda havaland\u0131rma sa\u011flayan file detaylar<\/li>\n<li>\u00dcst kuma\u015f, %90 pamuk , %10 polyester, 245 g\/m\u00b2<\/li>\n<li>File detaylar, %100 polyester<\/li>\n<li>Elde y\u0131kay\u0131n (maksimum s\u0131cakl\u0131k 30\u00b0C)<\/li>\n<li>Kurutma makinesinde kurutmay\u0131n<\/li>\n<li>\u00dct\u00fclemeyin<\/li>\n<li>Kuru temizleme yap\u0131lmaz<\/li>\n<\/ul>\n<\/div>\n","protected":false},"excerpt":{"rendered":"<p>\u00dcr\u00fcn Bilgisi Hafif ve rahat Beyzbol \u015fapkas\u0131 g\u00f6r\u00fcn\u00fcm\u00fcnde modern tasar\u0131m Yanlarda havaland\u0131rma sa\u011flayan file detaylar \u00dcst kuma\u015f, %90 pamuk , %10 polyester, 245 g\/m\u00b2 File&#8230;<\/p>\n","protected":false},"featured_media":6014,"comment_status":"open","ping_status":"closed","template":"","meta":[],"product_cat":[35,44],"product_tag":[],"_links":{"self":[{"href":"https:\/\/ozturkiselbiseleri.com\/index.php?rest_route=\/wp\/v2\/product\/6013"}],"collection":[{"href":"https:\/\/ozturkiselbiseleri.com\/index.php?rest_route=\/wp\/v2\/product"}],"about":[{"href":"https:\/\/ozturkiselbiseleri.com\/index.php?rest_route=\/wp\/v2\/types\/product"}],"replies":[{"embeddable":true,"href":"https:\/\/ozturkiselbiseleri.com\/index.php?rest_route=%2Fwp%2Fv2%2Fcomments&post=6013"}],"wp:featuredmedia":[{"embeddable":true,"href":"https:\/\/ozturkiselbiseleri.com\/index.php?rest_route=\/wp\/v2\/media\/6014"}],"wp:attachment":[{"href":"https:\/\/ozturkiselbiseleri.com\/index.php?rest_route=%2Fwp%2Fv2%2Fmedia&parent=6013"}],"wp:term":[{"taxonomy":"product_cat","embeddable":true,"href":"https:\/\/ozturkiselbiseleri.com\/index.php?rest_route=%2Fwp%2Fv2%2Fproduct_cat&post=6013"},{"taxonomy":"product_tag","embeddable":true,"href":"https:\/\/ozturkiselbiseleri.com\/index.php?rest_route=%2Fwp%2Fv2%2Fproduct_tag&post=6013"}],"curies":[{"name":"wp","href":"https:\/\/api.w.org\/{rel}","templated":true}]}}