{"id":6016,"date":"2024-01-27T12:17:26","date_gmt":"2024-01-27T09:17:26","guid":{"rendered":"https:\/\/ozturkiselbiseleri.com\/?post_type=product&#038;p=6016"},"modified":"2024-01-27T12:17:26","modified_gmt":"2024-01-27T09:17:26","slug":"cerva-emerton-baseball-sapkasi","status":"publish","type":"product","link":"https:\/\/ozturkiselbiseleri.com\/?product=cerva-emerton-baseball-sapkasi","title":{"rendered":"Cerva Emerton Baseball \u015eapkas\u0131"},"content":{"rendered":"<h3 class=\"theme-h3\">\u00dcr\u00fcn Bilgisi<\/h3>\n<div class=\"productcontentnk\">\n<ul>\n<li>\u0130ki renkli<\/li>\n<li>Dayan\u0131kl\u0131 ve hafif<\/li>\n<li>Metal klips ayarl\u0131<\/li>\n<\/ul>\n<p><b>Kuma\u015f:\u00a0<\/b>%100 Pamuk<\/div>\n","protected":false},"excerpt":{"rendered":"<p>\u00dcr\u00fcn Bilgisi \u0130ki renkli Dayan\u0131kl\u0131 ve hafif Metal klips ayarl\u0131 Kuma\u015f:\u00a0%100 Pamuk<\/p>\n","protected":false},"featured_media":6017,"comment_status":"open","ping_status":"closed","template":"","meta":[],"product_cat":[35,44],"product_tag":[],"_links":{"self":[{"href":"https:\/\/ozturkiselbiseleri.com\/index.php?rest_route=\/wp\/v2\/product\/6016"}],"collection":[{"href":"https:\/\/ozturkiselbiseleri.com\/index.php?rest_route=\/wp\/v2\/product"}],"about":[{"href":"https:\/\/ozturkiselbiseleri.com\/index.php?rest_route=\/wp\/v2\/types\/product"}],"replies":[{"embeddable":true,"href":"https:\/\/ozturkiselbiseleri.com\/index.php?rest_route=%2Fwp%2Fv2%2Fcomments&post=6016"}],"wp:featuredmedia":[{"embeddable":true,"href":"https:\/\/ozturkiselbiseleri.com\/index.php?rest_route=\/wp\/v2\/media\/6017"}],"wp:attachment":[{"href":"https:\/\/ozturkiselbiseleri.com\/index.php?rest_route=%2Fwp%2Fv2%2Fmedia&parent=6016"}],"wp:term":[{"taxonomy":"product_cat","embeddable":true,"href":"https:\/\/ozturkiselbiseleri.com\/index.php?rest_route=%2Fwp%2Fv2%2Fproduct_cat&post=6016"},{"taxonomy":"product_tag","embeddable":true,"href":"https:\/\/ozturkiselbiseleri.com\/index.php?rest_route=%2Fwp%2Fv2%2Fproduct_tag&post=6016"}],"curies":[{"name":"wp","href":"https:\/\/api.w.org\/{rel}","templated":true}]}}