{"id":6018,"date":"2024-01-27T12:18:13","date_gmt":"2024-01-27T09:18:13","guid":{"rendered":"https:\/\/ozturkiselbiseleri.com\/?post_type=product&#038;p=6018"},"modified":"2024-01-27T12:18:13","modified_gmt":"2024-01-27T09:18:13","slug":"baretli-sapka-darbe-emici","status":"publish","type":"product","link":"https:\/\/ozturkiselbiseleri.com\/?product=baretli-sapka-darbe-emici","title":{"rendered":"Baretli \u015eapka Darbe Emici"},"content":{"rendered":"<h3 class=\"theme-h3\">\u00dcr\u00fcn Bilgisi<\/h3>\n<div class=\"productcontentnk\">\n<ul>\n<li>Jokey \u015fapkas\u0131 tasar\u0131ml\u0131 darbe ba\u015fl\u0131\u011f\u0131<\/li>\n<li>\u015e\u0131k ve modern<\/li>\n<li>\u00dcst k\u0131s\u0131mda bulunan havaland\u0131rma delikleriyle konforlu<\/li>\n<li>Kesilere veya di\u011fer derideki yaralanmalara sebep olabilecek derecede \u015fiddetli sert ve sabit cisimlerin \u00e7arpmas\u0131n\u0131n etkilerine kar\u015f\u0131 koruma sa\u011flamak i\u00e7in tasarlanm\u0131\u015ft\u0131r.<\/li>\n<li>Bu ba\u015fl\u0131k, d\u00fc\u015fen veya f\u0131rlayan cisimlerin ya da hareketli veya as\u0131l\u0131 durumdaki y\u00fcklerin etkilerine kar\u015f\u0131 koruma sa\u011flamaz.<\/li>\n<\/ul>\n<p><strong>D\u0130KKAT: EN 397\u2019de belirtilen end\u00fcstriyel emniyet baretleri ile kar\u0131\u015ft\u0131r\u0131lmamal\u0131d\u0131r.<\/strong><\/div>\n","protected":false},"excerpt":{"rendered":"<p>\u00dcr\u00fcn Bilgisi Jokey \u015fapkas\u0131 tasar\u0131ml\u0131 darbe ba\u015fl\u0131\u011f\u0131 \u015e\u0131k ve modern \u00dcst k\u0131s\u0131mda bulunan havaland\u0131rma delikleriyle konforlu Kesilere veya di\u011fer derideki yaralanmalara sebep olabilecek derecede \u015fiddetli&#8230;<\/p>\n","protected":false},"featured_media":6019,"comment_status":"open","ping_status":"closed","template":"","meta":[],"product_cat":[35,44],"product_tag":[],"_links":{"self":[{"href":"https:\/\/ozturkiselbiseleri.com\/index.php?rest_route=\/wp\/v2\/product\/6018"}],"collection":[{"href":"https:\/\/ozturkiselbiseleri.com\/index.php?rest_route=\/wp\/v2\/product"}],"about":[{"href":"https:\/\/ozturkiselbiseleri.com\/index.php?rest_route=\/wp\/v2\/types\/product"}],"replies":[{"embeddable":true,"href":"https:\/\/ozturkiselbiseleri.com\/index.php?rest_route=%2Fwp%2Fv2%2Fcomments&post=6018"}],"wp:featuredmedia":[{"embeddable":true,"href":"https:\/\/ozturkiselbiseleri.com\/index.php?rest_route=\/wp\/v2\/media\/6019"}],"wp:attachment":[{"href":"https:\/\/ozturkiselbiseleri.com\/index.php?rest_route=%2Fwp%2Fv2%2Fmedia&parent=6018"}],"wp:term":[{"taxonomy":"product_cat","embeddable":true,"href":"https:\/\/ozturkiselbiseleri.com\/index.php?rest_route=%2Fwp%2Fv2%2Fproduct_cat&post=6018"},{"taxonomy":"product_tag","embeddable":true,"href":"https:\/\/ozturkiselbiseleri.com\/index.php?rest_route=%2Fwp%2Fv2%2Fproduct_tag&post=6018"}],"curies":[{"name":"wp","href":"https:\/\/api.w.org\/{rel}","templated":true}]}}