{"id":6037,"date":"2024-01-27T12:19:14","date_gmt":"2024-01-27T09:19:14","guid":{"rendered":"https:\/\/ozturkiselbiseleri.com\/?post_type=product&#038;p=6037"},"modified":"2024-01-27T12:19:14","modified_gmt":"2024-01-27T09:19:14","slug":"hb10-yuksek-gorunurluklu-reflektorlu-sapka","status":"publish","type":"product","link":"https:\/\/ozturkiselbiseleri.com\/?product=hb10-yuksek-gorunurluklu-reflektorlu-sapka","title":{"rendered":"HB10 &#8211; Y\u00fcksek G\u00f6r\u00fcn\u00fcrl\u00fckl\u00fc Reflekt\u00f6rl\u00fc \u015eapka"},"content":{"rendered":"<h3 class=\"theme-h3\">\u00dcr\u00fcn Bilgisi<\/h3>\n<div class=\"productcontentnk\">\n<p>Yumu\u015fak Polikotondan imal edilmi\u015ftir,Arka k\u0131sm\u0131nda ayarlanabilir metal aparat bulunur.6 par\u00e7adan olu\u015fmaktad\u0131r.Havaland\u0131rmay\u0131 sa\u011flayan arka k\u0131s\u0131m konforu artt\u0131r\u0131r<\/p>\n<ul>\n<li>\u00d6zel file kuma\u015f<\/li>\n<li>\u00dcst\u00fcn g\u00f6r\u00fcn\u00fcrl\u00fck i\u00e7in reflektif hatlar<\/li>\n<li>Esnek beden ayar\u0131 i\u00e7in ayarlanabilir kay\u0131\u015f ba\u011flant\u0131s\u0131<\/li>\n<li>Ekstra havaland\u0131rma sa\u011flayan ventiller<\/li>\n<\/ul>\n<p><b>D\u0131\u015f Kuma\u015f:\u00a0<\/b>%65 Polyester, %35 Pamuk 245g<\/div>\n","protected":false},"excerpt":{"rendered":"<p>\u00dcr\u00fcn Bilgisi Yumu\u015fak Polikotondan imal edilmi\u015ftir,Arka k\u0131sm\u0131nda ayarlanabilir metal aparat bulunur.6 par\u00e7adan olu\u015fmaktad\u0131r.Havaland\u0131rmay\u0131 sa\u011flayan arka k\u0131s\u0131m konforu artt\u0131r\u0131r \u00d6zel file kuma\u015f \u00dcst\u00fcn g\u00f6r\u00fcn\u00fcrl\u00fck i\u00e7in reflektif&#8230;<\/p>\n","protected":false},"featured_media":6038,"comment_status":"open","ping_status":"closed","template":"","meta":[],"product_cat":[35,44],"product_tag":[],"_links":{"self":[{"href":"https:\/\/ozturkiselbiseleri.com\/index.php?rest_route=\/wp\/v2\/product\/6037"}],"collection":[{"href":"https:\/\/ozturkiselbiseleri.com\/index.php?rest_route=\/wp\/v2\/product"}],"about":[{"href":"https:\/\/ozturkiselbiseleri.com\/index.php?rest_route=\/wp\/v2\/types\/product"}],"replies":[{"embeddable":true,"href":"https:\/\/ozturkiselbiseleri.com\/index.php?rest_route=%2Fwp%2Fv2%2Fcomments&post=6037"}],"wp:featuredmedia":[{"embeddable":true,"href":"https:\/\/ozturkiselbiseleri.com\/index.php?rest_route=\/wp\/v2\/media\/6038"}],"wp:attachment":[{"href":"https:\/\/ozturkiselbiseleri.com\/index.php?rest_route=%2Fwp%2Fv2%2Fmedia&parent=6037"}],"wp:term":[{"taxonomy":"product_cat","embeddable":true,"href":"https:\/\/ozturkiselbiseleri.com\/index.php?rest_route=%2Fwp%2Fv2%2Fproduct_cat&post=6037"},{"taxonomy":"product_tag","embeddable":true,"href":"https:\/\/ozturkiselbiseleri.com\/index.php?rest_route=%2Fwp%2Fv2%2Fproduct_tag&post=6037"}],"curies":[{"name":"wp","href":"https:\/\/api.w.org\/{rel}","templated":true}]}}