{"id":6039,"date":"2024-01-27T12:20:21","date_gmt":"2024-01-27T09:20:21","guid":{"rendered":"https:\/\/ozturkiselbiseleri.com\/?post_type=product&#038;p=6039"},"modified":"2024-01-27T12:21:28","modified_gmt":"2024-01-27T09:21:28","slug":"sapka-filesiz","status":"publish","type":"product","link":"https:\/\/ozturkiselbiseleri.com\/?product=sapka-filesiz","title":{"rendered":"\u015eapka Filesiz"},"content":{"rendered":"<h3 class=\"theme-h3\">\u00dcr\u00fcn Bilgisi<\/h3>\n<div class=\"productcontentnk\">\n<ul>\n<li>Klasik baseball \u015fapkas\u0131 g\u00f6r\u00fcn\u00fcm\u00fcnde<\/li>\n<li>\u00dczerinde etkili havaland\u0131rma delikleri bulunmaktad\u0131r.<\/li>\n<li>Beden ayarlanabilir (56-61 cm)<\/li>\n<\/ul>\n<\/div>\n","protected":false},"excerpt":{"rendered":"<p>\u00dcr\u00fcn Bilgisi Klasik baseball \u015fapkas\u0131 g\u00f6r\u00fcn\u00fcm\u00fcnde \u00dczerinde etkili havaland\u0131rma delikleri bulunmaktad\u0131r. Beden ayarlanabilir (56-61 cm)<\/p>\n","protected":false},"featured_media":6040,"comment_status":"open","ping_status":"closed","template":"","meta":[],"product_cat":[35,44],"product_tag":[],"_links":{"self":[{"href":"https:\/\/ozturkiselbiseleri.com\/index.php?rest_route=\/wp\/v2\/product\/6039"}],"collection":[{"href":"https:\/\/ozturkiselbiseleri.com\/index.php?rest_route=\/wp\/v2\/product"}],"about":[{"href":"https:\/\/ozturkiselbiseleri.com\/index.php?rest_route=\/wp\/v2\/types\/product"}],"replies":[{"embeddable":true,"href":"https:\/\/ozturkiselbiseleri.com\/index.php?rest_route=%2Fwp%2Fv2%2Fcomments&post=6039"}],"wp:featuredmedia":[{"embeddable":true,"href":"https:\/\/ozturkiselbiseleri.com\/index.php?rest_route=\/wp\/v2\/media\/6040"}],"wp:attachment":[{"href":"https:\/\/ozturkiselbiseleri.com\/index.php?rest_route=%2Fwp%2Fv2%2Fmedia&parent=6039"}],"wp:term":[{"taxonomy":"product_cat","embeddable":true,"href":"https:\/\/ozturkiselbiseleri.com\/index.php?rest_route=%2Fwp%2Fv2%2Fproduct_cat&post=6039"},{"taxonomy":"product_tag","embeddable":true,"href":"https:\/\/ozturkiselbiseleri.com\/index.php?rest_route=%2Fwp%2Fv2%2Fproduct_tag&post=6039"}],"curies":[{"name":"wp","href":"https:\/\/api.w.org\/{rel}","templated":true}]}}