{"id":6041,"date":"2024-01-27T12:22:33","date_gmt":"2024-01-27T09:22:33","guid":{"rendered":"https:\/\/ozturkiselbiseleri.com\/?post_type=product&#038;p=6041"},"modified":"2024-01-27T12:22:33","modified_gmt":"2024-01-27T09:22:33","slug":"cerva-chitra-softshell-ceket-gri","status":"publish","type":"product","link":"https:\/\/ozturkiselbiseleri.com\/?product=cerva-chitra-softshell-ceket-gri","title":{"rendered":"Cerva Chitra Softshell Ceket Gri"},"content":{"rendered":"<h3 class=\"theme-h3\">\u00dcr\u00fcn Bilgisi<\/h3>\n<div class=\"productcontentnk\">\n<ul>\n<li>\u0130\u00e7i membranl\u0131 ve polarl\u0131 erkek softshell ceket<\/li>\n<li>Fermuarl\u0131 g\u00f6\u011f\u00fcs cebi<\/li>\n<li>Fermuarl\u0131 yan cepler<\/li>\n<li>Suya diren\u00e7li<\/li>\n<li>Nefes al\u0131r<\/li>\n<li>40\u00b0&#8217;de k\u0131sa y\u0131kama yap\u0131n\u0131z<\/li>\n<li>Kurutma makinesinde kurutmay\u0131n\u0131z<\/li>\n<li>\u00dct\u00fc ve kuru temizleme yap\u0131lmaz<\/li>\n<\/ul>\n<p><b>Kuma\u015f:\u00a0<\/b>%94 Polyester, %6 elastan, 300 gr\/m\u00b2<br \/>\n<b>Standartlar:\u00a0<\/b>EN ISO 13688<\/div>\n","protected":false},"excerpt":{"rendered":"<p>\u00dcr\u00fcn Bilgisi \u0130\u00e7i membranl\u0131 ve polarl\u0131 erkek softshell ceket Fermuarl\u0131 g\u00f6\u011f\u00fcs cebi Fermuarl\u0131 yan cepler Suya diren\u00e7li Nefes al\u0131r 40\u00b0&#8217;de k\u0131sa y\u0131kama yap\u0131n\u0131z Kurutma makinesinde&#8230;<\/p>\n","protected":false},"featured_media":6042,"comment_status":"open","ping_status":"closed","template":"","meta":[],"product_cat":[35,45],"product_tag":[],"_links":{"self":[{"href":"https:\/\/ozturkiselbiseleri.com\/index.php?rest_route=\/wp\/v2\/product\/6041"}],"collection":[{"href":"https:\/\/ozturkiselbiseleri.com\/index.php?rest_route=\/wp\/v2\/product"}],"about":[{"href":"https:\/\/ozturkiselbiseleri.com\/index.php?rest_route=\/wp\/v2\/types\/product"}],"replies":[{"embeddable":true,"href":"https:\/\/ozturkiselbiseleri.com\/index.php?rest_route=%2Fwp%2Fv2%2Fcomments&post=6041"}],"wp:featuredmedia":[{"embeddable":true,"href":"https:\/\/ozturkiselbiseleri.com\/index.php?rest_route=\/wp\/v2\/media\/6042"}],"wp:attachment":[{"href":"https:\/\/ozturkiselbiseleri.com\/index.php?rest_route=%2Fwp%2Fv2%2Fmedia&parent=6041"}],"wp:term":[{"taxonomy":"product_cat","embeddable":true,"href":"https:\/\/ozturkiselbiseleri.com\/index.php?rest_route=%2Fwp%2Fv2%2Fproduct_cat&post=6041"},{"taxonomy":"product_tag","embeddable":true,"href":"https:\/\/ozturkiselbiseleri.com\/index.php?rest_route=%2Fwp%2Fv2%2Fproduct_tag&post=6041"}],"curies":[{"name":"wp","href":"https:\/\/api.w.org\/{rel}","templated":true}]}}