{"id":6043,"date":"2024-01-27T12:23:33","date_gmt":"2024-01-27T09:23:33","guid":{"rendered":"https:\/\/ozturkiselbiseleri.com\/?post_type=product&#038;p=6043"},"modified":"2024-01-27T12:23:33","modified_gmt":"2024-01-27T09:23:33","slug":"sweatshirt-bisiklet-yaka-antrasit-melanj","status":"publish","type":"product","link":"https:\/\/ozturkiselbiseleri.com\/?product=sweatshirt-bisiklet-yaka-antrasit-melanj","title":{"rendered":"Sweatshirt Bisiklet Yaka Antrasit Melanj"},"content":{"rendered":"<h3 class=\"theme-h3\">\u00dcr\u00fcn Bilgisi<\/h3>\n<div class=\"productcontentnk\">\n<ul>\n<li>Bisiklet yaka<\/li>\n<li>Uzun kollu<\/li>\n<li>Kol a\u011fz\u0131 ve etek ucu ribanal\u0131<\/li>\n<\/ul>\n<p><strong>Kuma\u015f:\u00a0<\/strong>\u00a0%50 Pamuk, %50 Polyester &#8211; 290 gr \/m\u00b2<\/div>\n","protected":false},"excerpt":{"rendered":"<p>\u00dcr\u00fcn Bilgisi Bisiklet yaka Uzun kollu Kol a\u011fz\u0131 ve etek ucu ribanal\u0131 Kuma\u015f:\u00a0\u00a0%50 Pamuk, %50 Polyester &#8211; 290 gr \/m\u00b2<\/p>\n","protected":false},"featured_media":6044,"comment_status":"open","ping_status":"closed","template":"","meta":[],"product_cat":[35,46],"product_tag":[],"_links":{"self":[{"href":"https:\/\/ozturkiselbiseleri.com\/index.php?rest_route=\/wp\/v2\/product\/6043"}],"collection":[{"href":"https:\/\/ozturkiselbiseleri.com\/index.php?rest_route=\/wp\/v2\/product"}],"about":[{"href":"https:\/\/ozturkiselbiseleri.com\/index.php?rest_route=\/wp\/v2\/types\/product"}],"replies":[{"embeddable":true,"href":"https:\/\/ozturkiselbiseleri.com\/index.php?rest_route=%2Fwp%2Fv2%2Fcomments&post=6043"}],"wp:featuredmedia":[{"embeddable":true,"href":"https:\/\/ozturkiselbiseleri.com\/index.php?rest_route=\/wp\/v2\/media\/6044"}],"wp:attachment":[{"href":"https:\/\/ozturkiselbiseleri.com\/index.php?rest_route=%2Fwp%2Fv2%2Fmedia&parent=6043"}],"wp:term":[{"taxonomy":"product_cat","embeddable":true,"href":"https:\/\/ozturkiselbiseleri.com\/index.php?rest_route=%2Fwp%2Fv2%2Fproduct_cat&post=6043"},{"taxonomy":"product_tag","embeddable":true,"href":"https:\/\/ozturkiselbiseleri.com\/index.php?rest_route=%2Fwp%2Fv2%2Fproduct_tag&post=6043"}],"curies":[{"name":"wp","href":"https:\/\/api.w.org\/{rel}","templated":true}]}}