{"id":6045,"date":"2024-01-27T14:29:38","date_gmt":"2024-01-27T11:29:38","guid":{"rendered":"https:\/\/ozturkiselbiseleri.com\/?post_type=product&#038;p=6045"},"modified":"2024-01-27T14:29:38","modified_gmt":"2024-01-27T11:29:38","slug":"mfk-2030-tpu-delinator-30-cm","status":"publish","type":"product","link":"https:\/\/ozturkiselbiseleri.com\/?product=mfk-2030-tpu-delinator-30-cm","title":{"rendered":"MFK 2030 TPU DEL\u0130NAT\u00d6R 30 CM"},"content":{"rendered":"<h2>MFK 2030 TEKN\u0130K \u00d6ZELL\u0130KLER<\/h2>\n<table width=\"280\">\n<tbody>\n<tr>\n<td width=\"89\">Malzeme<\/td>\n<td width=\"12\">:<\/td>\n<td width=\"179\">TPU<\/td>\n<\/tr>\n<tr>\n<td>\u00dcst \u00c7ap<\/td>\n<td>:<\/td>\n<td>8 cm<\/td>\n<\/tr>\n<tr>\n<td>Alt \u00c7ap<\/td>\n<td>:<\/td>\n<td>21 cm<\/td>\n<\/tr>\n<tr>\n<td>Y\u00fckseklik<\/td>\n<td>:<\/td>\n<td>30 cm<\/td>\n<\/tr>\n<tr>\n<td>A\u011f\u0131rl\u0131k<\/td>\n<td>:<\/td>\n<td>700 gr \u00b1 100 gr<\/td>\n<\/tr>\n<tr>\n<td>Renk<\/td>\n<td>:<\/td>\n<td>Turuncu<\/td>\n<\/tr>\n<tr>\n<td>Reflektif<\/td>\n<td>:<\/td>\n<td>Metalize<\/td>\n<\/tr>\n<tr>\n<td>Montaj<\/td>\n<td>:<\/td>\n<td>3 D\u00fcbel + 3 Vida<\/td>\n<\/tr>\n<\/tbody>\n<\/table>\n<p>&nbsp;<\/p>\n","protected":false},"excerpt":{"rendered":"<p>MFK 2030 TEKN\u0130K \u00d6ZELL\u0130KLER Malzeme : TPU \u00dcst \u00c7ap : 8 cm Alt \u00c7ap : 21 cm Y\u00fckseklik : 30 cm A\u011f\u0131rl\u0131k : 700 gr&#8230;<\/p>\n","protected":false},"featured_media":6046,"comment_status":"open","ping_status":"closed","template":"","meta":[],"product_cat":[80,70],"product_tag":[],"_links":{"self":[{"href":"https:\/\/ozturkiselbiseleri.com\/index.php?rest_route=\/wp\/v2\/product\/6045"}],"collection":[{"href":"https:\/\/ozturkiselbiseleri.com\/index.php?rest_route=\/wp\/v2\/product"}],"about":[{"href":"https:\/\/ozturkiselbiseleri.com\/index.php?rest_route=\/wp\/v2\/types\/product"}],"replies":[{"embeddable":true,"href":"https:\/\/ozturkiselbiseleri.com\/index.php?rest_route=%2Fwp%2Fv2%2Fcomments&post=6045"}],"wp:featuredmedia":[{"embeddable":true,"href":"https:\/\/ozturkiselbiseleri.com\/index.php?rest_route=\/wp\/v2\/media\/6046"}],"wp:attachment":[{"href":"https:\/\/ozturkiselbiseleri.com\/index.php?rest_route=%2Fwp%2Fv2%2Fmedia&parent=6045"}],"wp:term":[{"taxonomy":"product_cat","embeddable":true,"href":"https:\/\/ozturkiselbiseleri.com\/index.php?rest_route=%2Fwp%2Fv2%2Fproduct_cat&post=6045"},{"taxonomy":"product_tag","embeddable":true,"href":"https:\/\/ozturkiselbiseleri.com\/index.php?rest_route=%2Fwp%2Fv2%2Fproduct_tag&post=6045"}],"curies":[{"name":"wp","href":"https:\/\/api.w.org\/{rel}","templated":true}]}}