{"id":6063,"date":"2024-01-27T14:37:22","date_gmt":"2024-01-27T11:37:22","guid":{"rendered":"https:\/\/ozturkiselbiseleri.com\/?post_type=product&#038;p=6063"},"modified":"2024-01-27T14:37:22","modified_gmt":"2024-01-27T11:37:22","slug":"mfk-2101-eko-delinator-100-cm","status":"publish","type":"product","link":"https:\/\/ozturkiselbiseleri.com\/?product=mfk-2101-eko-delinator-100-cm","title":{"rendered":"MFK 2101 EKO DEL\u0130NAT\u00d6R 100 CM"},"content":{"rendered":"<h2>MFK 2101 TEKN\u0130K \u00d6ZELL\u0130KLER<\/h2>\n<table width=\"261\">\n<tbody>\n<tr>\n<td width=\"70\">Malzeme<\/td>\n<td width=\"12\">:<\/td>\n<td width=\"179\">TPE<\/td>\n<\/tr>\n<tr>\n<td>\u00dcst \u00c7ap<\/td>\n<td>:<\/td>\n<td>8 cm<\/td>\n<\/tr>\n<tr>\n<td>Alt \u00c7ap<\/td>\n<td>:<\/td>\n<td>20 cm<\/td>\n<\/tr>\n<tr>\n<td>Y\u00fckseklik<\/td>\n<td>:<\/td>\n<td>100 cm<\/td>\n<\/tr>\n<tr>\n<td>A\u011f\u0131rl\u0131k<\/td>\n<td>:<\/td>\n<td>1200 gr \u00b1 100 gr<\/td>\n<\/tr>\n<tr>\n<td>Renk<\/td>\n<td>:<\/td>\n<td>Turucnu<\/td>\n<\/tr>\n<tr>\n<td>Reflektif<\/td>\n<td>:<\/td>\n<td>Petekli<\/td>\n<\/tr>\n<tr>\n<td>Montaj<\/td>\n<td>:<\/td>\n<td>3 D\u00fcbel, 3 Vida<\/td>\n<\/tr>\n<\/tbody>\n<\/table>\n","protected":false},"excerpt":{"rendered":"<p>MFK 2101 TEKN\u0130K \u00d6ZELL\u0130KLER Malzeme : TPE \u00dcst \u00c7ap : 8 cm Alt \u00c7ap : 20 cm Y\u00fckseklik : 100 cm A\u011f\u0131rl\u0131k : 1200 gr&#8230;<\/p>\n","protected":false},"featured_media":6064,"comment_status":"open","ping_status":"closed","template":"","meta":[],"product_cat":[80,70],"product_tag":[],"_links":{"self":[{"href":"https:\/\/ozturkiselbiseleri.com\/index.php?rest_route=\/wp\/v2\/product\/6063"}],"collection":[{"href":"https:\/\/ozturkiselbiseleri.com\/index.php?rest_route=\/wp\/v2\/product"}],"about":[{"href":"https:\/\/ozturkiselbiseleri.com\/index.php?rest_route=\/wp\/v2\/types\/product"}],"replies":[{"embeddable":true,"href":"https:\/\/ozturkiselbiseleri.com\/index.php?rest_route=%2Fwp%2Fv2%2Fcomments&post=6063"}],"wp:featuredmedia":[{"embeddable":true,"href":"https:\/\/ozturkiselbiseleri.com\/index.php?rest_route=\/wp\/v2\/media\/6064"}],"wp:attachment":[{"href":"https:\/\/ozturkiselbiseleri.com\/index.php?rest_route=%2Fwp%2Fv2%2Fmedia&parent=6063"}],"wp:term":[{"taxonomy":"product_cat","embeddable":true,"href":"https:\/\/ozturkiselbiseleri.com\/index.php?rest_route=%2Fwp%2Fv2%2Fproduct_cat&post=6063"},{"taxonomy":"product_tag","embeddable":true,"href":"https:\/\/ozturkiselbiseleri.com\/index.php?rest_route=%2Fwp%2Fv2%2Fproduct_tag&post=6063"}],"curies":[{"name":"wp","href":"https:\/\/api.w.org\/{rel}","templated":true}]}}