{"id":6065,"date":"2024-01-27T14:38:43","date_gmt":"2024-01-27T11:38:43","guid":{"rendered":"https:\/\/ozturkiselbiseleri.com\/?post_type=product&#038;p=6065"},"modified":"2024-01-27T14:38:43","modified_gmt":"2024-01-27T11:38:43","slug":"mfk-2141-kaucuk-tabanli-delinator-75-cm","status":"publish","type":"product","link":"https:\/\/ozturkiselbiseleri.com\/?product=mfk-2141-kaucuk-tabanli-delinator-75-cm","title":{"rendered":"MFK 2141 KAU\u00c7UK TABANLI DEL\u0130NAT\u00d6R 75 CM"},"content":{"rendered":"<h2>MFK 2141 TEKN\u0130K \u00d6ZELL\u0130KLER<\/h2>\n<table width=\"288\">\n<tbody>\n<tr>\n<td width=\"97\">Malzeme<\/td>\n<td width=\"12\">:<\/td>\n<td width=\"179\">TPU , Kau\u00e7uk<\/td>\n<\/tr>\n<tr>\n<td>Taban \u00d6l\u00e7\u00fcleri<\/td>\n<td>:<\/td>\n<td>138x24x9,5 cm<\/td>\n<\/tr>\n<tr>\n<td>Alt \u00c7ap<\/td>\n<td>:<\/td>\n<td>8 cm<\/td>\n<\/tr>\n<tr>\n<td>Y\u00fckseklik<\/td>\n<td>:<\/td>\n<td>75 cm<\/td>\n<\/tr>\n<tr>\n<td>A\u011f\u0131rl\u0131k<\/td>\n<td>:<\/td>\n<td>15500 gr \u00b1 500 gr<\/td>\n<\/tr>\n<tr>\n<td>Renk<\/td>\n<td>:<\/td>\n<td>Siyah , Sar\u0131<\/td>\n<\/tr>\n<tr>\n<td>Reflektif<\/td>\n<td>:<\/td>\n<td>Petekli<\/td>\n<\/tr>\n<tr>\n<td>Montaj<\/td>\n<td>:<\/td>\n<td>4 D\u00fcbel, 4 Vida<\/td>\n<\/tr>\n<\/tbody>\n<\/table>\n","protected":false},"excerpt":{"rendered":"<p>MFK 2141 TEKN\u0130K \u00d6ZELL\u0130KLER Malzeme : TPU , Kau\u00e7uk Taban \u00d6l\u00e7\u00fcleri : 138x24x9,5 cm Alt \u00c7ap : 8 cm Y\u00fckseklik : 75 cm A\u011f\u0131rl\u0131k :&#8230;<\/p>\n","protected":false},"featured_media":6066,"comment_status":"open","ping_status":"closed","template":"","meta":[],"product_cat":[80,70],"product_tag":[],"_links":{"self":[{"href":"https:\/\/ozturkiselbiseleri.com\/index.php?rest_route=\/wp\/v2\/product\/6065"}],"collection":[{"href":"https:\/\/ozturkiselbiseleri.com\/index.php?rest_route=\/wp\/v2\/product"}],"about":[{"href":"https:\/\/ozturkiselbiseleri.com\/index.php?rest_route=\/wp\/v2\/types\/product"}],"replies":[{"embeddable":true,"href":"https:\/\/ozturkiselbiseleri.com\/index.php?rest_route=%2Fwp%2Fv2%2Fcomments&post=6065"}],"wp:featuredmedia":[{"embeddable":true,"href":"https:\/\/ozturkiselbiseleri.com\/index.php?rest_route=\/wp\/v2\/media\/6066"}],"wp:attachment":[{"href":"https:\/\/ozturkiselbiseleri.com\/index.php?rest_route=%2Fwp%2Fv2%2Fmedia&parent=6065"}],"wp:term":[{"taxonomy":"product_cat","embeddable":true,"href":"https:\/\/ozturkiselbiseleri.com\/index.php?rest_route=%2Fwp%2Fv2%2Fproduct_cat&post=6065"},{"taxonomy":"product_tag","embeddable":true,"href":"https:\/\/ozturkiselbiseleri.com\/index.php?rest_route=%2Fwp%2Fv2%2Fproduct_tag&post=6065"}],"curies":[{"name":"wp","href":"https:\/\/api.w.org\/{rel}","templated":true}]}}