{"id":6101,"date":"2024-01-27T14:51:43","date_gmt":"2024-01-27T11:51:43","guid":{"rendered":"https:\/\/ozturkiselbiseleri.com\/?post_type=product&#038;p=6101"},"modified":"2024-01-27T14:51:43","modified_gmt":"2024-01-27T11:51:43","slug":"mfk-2195-esnek-refuj-basi-95-cm","status":"publish","type":"product","link":"https:\/\/ozturkiselbiseleri.com\/?product=mfk-2195-esnek-refuj-basi-95-cm","title":{"rendered":"MFK 2195 ESNEK REF\u00dcJ BA\u015eI 95 CM"},"content":{"rendered":"<h2>MFK 2195 TEKN\u0130K \u00d6ZELL\u0130KLER<\/h2>\n<p><strong>Malzeme:<\/strong>\u00a0TPU<\/p>\n<p><strong>Y\u00fckseklik:<\/strong>\u00a0950 mm<\/p>\n<p><strong>\u00dcst \u00c7ap:<\/strong>\u00a080 mm<\/p>\n<p><strong>Alt \u00c7ap:<\/strong>\u00a0220 mm<\/p>\n<p><strong>Renk:<\/strong>\u00a0Sar\u0131, Turuncu ve di\u011fer renkler opsiyonel<\/p>\n<p><strong>A\u011f\u0131rl\u0131k :<\/strong>\u00a01,31 Kg \u00b1 0,1 kg<\/p>\n","protected":false},"excerpt":{"rendered":"<p>MFK 2195 TEKN\u0130K \u00d6ZELL\u0130KLER Malzeme:\u00a0TPU Y\u00fckseklik:\u00a0950 mm \u00dcst \u00c7ap:\u00a080 mm Alt \u00c7ap:\u00a0220 mm Renk:\u00a0Sar\u0131, Turuncu ve di\u011fer renkler opsiyonel A\u011f\u0131rl\u0131k :\u00a01,31 Kg \u00b1 0,1 kg<\/p>\n","protected":false},"featured_media":6102,"comment_status":"open","ping_status":"closed","template":"","meta":[],"product_cat":[80,70],"product_tag":[],"_links":{"self":[{"href":"https:\/\/ozturkiselbiseleri.com\/index.php?rest_route=\/wp\/v2\/product\/6101"}],"collection":[{"href":"https:\/\/ozturkiselbiseleri.com\/index.php?rest_route=\/wp\/v2\/product"}],"about":[{"href":"https:\/\/ozturkiselbiseleri.com\/index.php?rest_route=\/wp\/v2\/types\/product"}],"replies":[{"embeddable":true,"href":"https:\/\/ozturkiselbiseleri.com\/index.php?rest_route=%2Fwp%2Fv2%2Fcomments&post=6101"}],"wp:featuredmedia":[{"embeddable":true,"href":"https:\/\/ozturkiselbiseleri.com\/index.php?rest_route=\/wp\/v2\/media\/6102"}],"wp:attachment":[{"href":"https:\/\/ozturkiselbiseleri.com\/index.php?rest_route=%2Fwp%2Fv2%2Fmedia&parent=6101"}],"wp:term":[{"taxonomy":"product_cat","embeddable":true,"href":"https:\/\/ozturkiselbiseleri.com\/index.php?rest_route=%2Fwp%2Fv2%2Fproduct_cat&post=6101"},{"taxonomy":"product_tag","embeddable":true,"href":"https:\/\/ozturkiselbiseleri.com\/index.php?rest_route=%2Fwp%2Fv2%2Fproduct_tag&post=6101"}],"curies":[{"name":"wp","href":"https:\/\/api.w.org\/{rel}","templated":true}]}}