{"id":6103,"date":"2024-01-27T14:52:20","date_gmt":"2024-01-27T11:52:20","guid":{"rendered":"https:\/\/ozturkiselbiseleri.com\/?post_type=product&#038;p=6103"},"modified":"2024-01-27T14:52:20","modified_gmt":"2024-01-27T11:52:20","slug":"mfk-2196-esnek-refuj-basi-95-cm-siyah","status":"publish","type":"product","link":"https:\/\/ozturkiselbiseleri.com\/?product=mfk-2196-esnek-refuj-basi-95-cm-siyah","title":{"rendered":"MFK 2196 ESNEK REF\u00dcJ BA\u015eI 95 CM S\u0130YAH"},"content":{"rendered":"<h2>MFK 2196 TEKN\u0130K \u00d6ZELL\u0130KLER<\/h2>\n<p><strong>Malzeme:<\/strong>\u00a0TPU<\/p>\n<p><strong>Y\u00fckseklik:<\/strong>\u00a0950 mm<\/p>\n<p><strong>\u00dcst \u00c7ap:<\/strong>\u00a080 mm<\/p>\n<p><strong>Alt \u00c7ap:<\/strong>\u00a0220 mm<\/p>\n<p><strong>Renk:<\/strong>\u00a0Sar\u0131, Turuncu ve di\u011fer renkler opsiyonel<\/p>\n<p><strong>A\u011f\u0131rl\u0131k :<\/strong>\u00a01,31 Kg \u00b1 0,1 kg<\/p>\n","protected":false},"excerpt":{"rendered":"<p>MFK 2196 TEKN\u0130K \u00d6ZELL\u0130KLER Malzeme:\u00a0TPU Y\u00fckseklik:\u00a0950 mm \u00dcst \u00c7ap:\u00a080 mm Alt \u00c7ap:\u00a0220 mm Renk:\u00a0Sar\u0131, Turuncu ve di\u011fer renkler opsiyonel A\u011f\u0131rl\u0131k :\u00a01,31 Kg \u00b1 0,1 kg<\/p>\n","protected":false},"featured_media":6104,"comment_status":"open","ping_status":"closed","template":"","meta":[],"product_cat":[80,70],"product_tag":[],"_links":{"self":[{"href":"https:\/\/ozturkiselbiseleri.com\/index.php?rest_route=\/wp\/v2\/product\/6103"}],"collection":[{"href":"https:\/\/ozturkiselbiseleri.com\/index.php?rest_route=\/wp\/v2\/product"}],"about":[{"href":"https:\/\/ozturkiselbiseleri.com\/index.php?rest_route=\/wp\/v2\/types\/product"}],"replies":[{"embeddable":true,"href":"https:\/\/ozturkiselbiseleri.com\/index.php?rest_route=%2Fwp%2Fv2%2Fcomments&post=6103"}],"wp:featuredmedia":[{"embeddable":true,"href":"https:\/\/ozturkiselbiseleri.com\/index.php?rest_route=\/wp\/v2\/media\/6104"}],"wp:attachment":[{"href":"https:\/\/ozturkiselbiseleri.com\/index.php?rest_route=%2Fwp%2Fv2%2Fmedia&parent=6103"}],"wp:term":[{"taxonomy":"product_cat","embeddable":true,"href":"https:\/\/ozturkiselbiseleri.com\/index.php?rest_route=%2Fwp%2Fv2%2Fproduct_cat&post=6103"},{"taxonomy":"product_tag","embeddable":true,"href":"https:\/\/ozturkiselbiseleri.com\/index.php?rest_route=%2Fwp%2Fv2%2Fproduct_tag&post=6103"}],"curies":[{"name":"wp","href":"https:\/\/api.w.org\/{rel}","templated":true}]}}