{"id":6109,"date":"2024-01-27T14:53:57","date_gmt":"2024-01-27T11:53:57","guid":{"rendered":"https:\/\/ozturkiselbiseleri.com\/?post_type=product&#038;p=6109"},"modified":"2024-01-27T14:53:57","modified_gmt":"2024-01-27T11:53:57","slug":"mfk-2375-tpu-delinator-75-cm-o-90","status":"publish","type":"product","link":"https:\/\/ozturkiselbiseleri.com\/?product=mfk-2375-tpu-delinator-75-cm-o-90","title":{"rendered":"MFK 2375 TPU DEL\u0130NAT\u00d6R 75 CM (\u00d8 90)"},"content":{"rendered":"<h2>MFK 2375 TEKN\u0130K \u00d6ZELL\u0130KLER<\/h2>\n<table width=\"252\">\n<tbody>\n<tr>\n<td width=\"61\">Malzeme<\/td>\n<td width=\"12\">:<\/td>\n<td width=\"179\">TPU<\/td>\n<\/tr>\n<tr>\n<td>\u00dcst \u00c7ap<\/td>\n<td>:<\/td>\n<td>22 cm<\/td>\n<\/tr>\n<tr>\n<td>Alt \u00c7ap<\/td>\n<td>:<\/td>\n<td>9 cm<\/td>\n<\/tr>\n<tr>\n<td>Y\u00fckseklik<\/td>\n<td>:<\/td>\n<td>75 cm<\/td>\n<\/tr>\n<tr>\n<td>A\u011f\u0131rl\u0131k<\/td>\n<td>:<\/td>\n<td>1,550 kg<\/td>\n<\/tr>\n<tr>\n<td>Renk<\/td>\n<td>:<\/td>\n<td>Turuncu<\/td>\n<\/tr>\n<tr>\n<td>Reflektif<\/td>\n<td>:<\/td>\n<td>Metalize<\/td>\n<\/tr>\n<tr>\n<td>Montaj<\/td>\n<td>:<\/td>\n<td>3 D\u00fcbel , 3 Vida<\/td>\n<\/tr>\n<\/tbody>\n<\/table>\n","protected":false},"excerpt":{"rendered":"<p>MFK 2375 TEKN\u0130K \u00d6ZELL\u0130KLER Malzeme : TPU \u00dcst \u00c7ap : 22 cm Alt \u00c7ap : 9 cm Y\u00fckseklik : 75 cm A\u011f\u0131rl\u0131k : 1,550 kg&#8230;<\/p>\n","protected":false},"featured_media":6110,"comment_status":"open","ping_status":"closed","template":"","meta":[],"product_cat":[80,70],"product_tag":[],"_links":{"self":[{"href":"https:\/\/ozturkiselbiseleri.com\/index.php?rest_route=\/wp\/v2\/product\/6109"}],"collection":[{"href":"https:\/\/ozturkiselbiseleri.com\/index.php?rest_route=\/wp\/v2\/product"}],"about":[{"href":"https:\/\/ozturkiselbiseleri.com\/index.php?rest_route=\/wp\/v2\/types\/product"}],"replies":[{"embeddable":true,"href":"https:\/\/ozturkiselbiseleri.com\/index.php?rest_route=%2Fwp%2Fv2%2Fcomments&post=6109"}],"wp:featuredmedia":[{"embeddable":true,"href":"https:\/\/ozturkiselbiseleri.com\/index.php?rest_route=\/wp\/v2\/media\/6110"}],"wp:attachment":[{"href":"https:\/\/ozturkiselbiseleri.com\/index.php?rest_route=%2Fwp%2Fv2%2Fmedia&parent=6109"}],"wp:term":[{"taxonomy":"product_cat","embeddable":true,"href":"https:\/\/ozturkiselbiseleri.com\/index.php?rest_route=%2Fwp%2Fv2%2Fproduct_cat&post=6109"},{"taxonomy":"product_tag","embeddable":true,"href":"https:\/\/ozturkiselbiseleri.com\/index.php?rest_route=%2Fwp%2Fv2%2Fproduct_tag&post=6109"}],"curies":[{"name":"wp","href":"https:\/\/api.w.org\/{rel}","templated":true}]}}