{"id":6135,"date":"2024-01-27T15:02:27","date_gmt":"2024-01-27T12:02:27","guid":{"rendered":"https:\/\/ozturkiselbiseleri.com\/?post_type=product&#038;p=6135"},"modified":"2024-01-27T15:02:27","modified_gmt":"2024-01-27T12:02:27","slug":"mfk-3276-75-cm-pvc-koni-3-kg","status":"publish","type":"product","link":"https:\/\/ozturkiselbiseleri.com\/?product=mfk-3276-75-cm-pvc-koni-3-kg","title":{"rendered":"MFK 3276 75 CM PVC KON\u0130 3 KG"},"content":{"rendered":"<h2>MFK 3276 TEKN\u0130K \u00d6ZELL\u0130KLER<\/h2>\n<table width=\"277\">\n<tbody>\n<tr>\n<td width=\"86\">Malzeme<\/td>\n<td width=\"12\">:<\/td>\n<td width=\"179\">PVC<\/td>\n<\/tr>\n<tr>\n<td>Alt \u00c7ap<\/td>\n<td>:<\/td>\n<td>43 cm<\/td>\n<\/tr>\n<tr>\n<td>Taban Tipi<\/td>\n<td>:<\/td>\n<td>Alt\u0131 K\u00f6\u015fe<\/td>\n<\/tr>\n<tr>\n<td>Y\u00fckseklik<\/td>\n<td>:<\/td>\n<td>75 cm<\/td>\n<\/tr>\n<tr>\n<td>A\u011f\u0131rl\u0131k<\/td>\n<td>:<\/td>\n<td>3,200 gr \u00b1 100 gr<\/td>\n<\/tr>\n<tr>\n<td>Renk<\/td>\n<td>:<\/td>\n<td>Turuncu<\/td>\n<\/tr>\n<tr>\n<td>Reflektif<\/td>\n<td>:<\/td>\n<td>Petekli<\/td>\n<\/tr>\n<tr>\n<td>Montaj<\/td>\n<td>:<\/td>\n<td>Ta\u015f\u0131nabiir<\/td>\n<\/tr>\n<\/tbody>\n<\/table>\n","protected":false},"excerpt":{"rendered":"<p>MFK 3276 TEKN\u0130K \u00d6ZELL\u0130KLER Malzeme : PVC Alt \u00c7ap : 43 cm Taban Tipi : Alt\u0131 K\u00f6\u015fe Y\u00fckseklik : 75 cm A\u011f\u0131rl\u0131k : 3,200 gr&#8230;<\/p>\n","protected":false},"featured_media":6136,"comment_status":"open","ping_status":"closed","template":"","meta":[],"product_cat":[81,70],"product_tag":[],"_links":{"self":[{"href":"https:\/\/ozturkiselbiseleri.com\/index.php?rest_route=\/wp\/v2\/product\/6135"}],"collection":[{"href":"https:\/\/ozturkiselbiseleri.com\/index.php?rest_route=\/wp\/v2\/product"}],"about":[{"href":"https:\/\/ozturkiselbiseleri.com\/index.php?rest_route=\/wp\/v2\/types\/product"}],"replies":[{"embeddable":true,"href":"https:\/\/ozturkiselbiseleri.com\/index.php?rest_route=%2Fwp%2Fv2%2Fcomments&post=6135"}],"wp:featuredmedia":[{"embeddable":true,"href":"https:\/\/ozturkiselbiseleri.com\/index.php?rest_route=\/wp\/v2\/media\/6136"}],"wp:attachment":[{"href":"https:\/\/ozturkiselbiseleri.com\/index.php?rest_route=%2Fwp%2Fv2%2Fmedia&parent=6135"}],"wp:term":[{"taxonomy":"product_cat","embeddable":true,"href":"https:\/\/ozturkiselbiseleri.com\/index.php?rest_route=%2Fwp%2Fv2%2Fproduct_cat&post=6135"},{"taxonomy":"product_tag","embeddable":true,"href":"https:\/\/ozturkiselbiseleri.com\/index.php?rest_route=%2Fwp%2Fv2%2Fproduct_tag&post=6135"}],"curies":[{"name":"wp","href":"https:\/\/api.w.org\/{rel}","templated":true}]}}