{"id":6153,"date":"2024-01-27T15:06:47","date_gmt":"2024-01-27T12:06:47","guid":{"rendered":"https:\/\/ozturkiselbiseleri.com\/?post_type=product&#038;p=6153"},"modified":"2024-01-27T15:06:47","modified_gmt":"2024-01-27T12:06:47","slug":"mfk-3700-kedi-gozlu-koni","status":"publish","type":"product","link":"https:\/\/ozturkiselbiseleri.com\/?product=mfk-3700-kedi-gozlu-koni","title":{"rendered":"MFK 3700 KED\u0130 G\u00d6ZL\u00dc KON\u0130"},"content":{"rendered":"<h2>MFK 3700 TEKN\u0130K \u00d6ZELL\u0130KLER<\/h2>\n<table width=\"277\">\n<tbody>\n<tr>\n<td width=\"86\">Malzeme<\/td>\n<td width=\"12\">:<\/td>\n<td width=\"179\">PPC , PVC<\/td>\n<\/tr>\n<tr>\n<td>Alt \u00c7ap<\/td>\n<td>:<\/td>\n<td>42 cm<\/td>\n<\/tr>\n<tr>\n<td>Taban Tipi<\/td>\n<td>:<\/td>\n<td>D\u00f6rt K\u00f6\u015fe<\/td>\n<\/tr>\n<tr>\n<td>Y\u00fckseklik<\/td>\n<td>:<\/td>\n<td>57,5 cm<\/td>\n<\/tr>\n<tr>\n<td>A\u011f\u0131rl\u0131k<\/td>\n<td>:<\/td>\n<td>5,000 gr \u00b1 500 gr<\/td>\n<\/tr>\n<tr>\n<td>Renk<\/td>\n<td>:<\/td>\n<td>K\u0131rm\u0131z\u0131<\/td>\n<\/tr>\n<tr>\n<td>Reflektif<\/td>\n<td>:<\/td>\n<td>8 Adet Kedi G\u00f6z\u00fc<\/td>\n<\/tr>\n<tr>\n<td>Montaj<\/td>\n<td>:<\/td>\n<td>Ta\u015f\u0131nabilir<\/td>\n<\/tr>\n<\/tbody>\n<\/table>\n","protected":false},"excerpt":{"rendered":"<p>MFK 3700 TEKN\u0130K \u00d6ZELL\u0130KLER Malzeme : PPC , PVC Alt \u00c7ap : 42 cm Taban Tipi : D\u00f6rt K\u00f6\u015fe Y\u00fckseklik : 57,5 cm A\u011f\u0131rl\u0131k :&#8230;<\/p>\n","protected":false},"featured_media":6154,"comment_status":"open","ping_status":"closed","template":"","meta":[],"product_cat":[81,70],"product_tag":[],"_links":{"self":[{"href":"https:\/\/ozturkiselbiseleri.com\/index.php?rest_route=\/wp\/v2\/product\/6153"}],"collection":[{"href":"https:\/\/ozturkiselbiseleri.com\/index.php?rest_route=\/wp\/v2\/product"}],"about":[{"href":"https:\/\/ozturkiselbiseleri.com\/index.php?rest_route=\/wp\/v2\/types\/product"}],"replies":[{"embeddable":true,"href":"https:\/\/ozturkiselbiseleri.com\/index.php?rest_route=%2Fwp%2Fv2%2Fcomments&post=6153"}],"wp:featuredmedia":[{"embeddable":true,"href":"https:\/\/ozturkiselbiseleri.com\/index.php?rest_route=\/wp\/v2\/media\/6154"}],"wp:attachment":[{"href":"https:\/\/ozturkiselbiseleri.com\/index.php?rest_route=%2Fwp%2Fv2%2Fmedia&parent=6153"}],"wp:term":[{"taxonomy":"product_cat","embeddable":true,"href":"https:\/\/ozturkiselbiseleri.com\/index.php?rest_route=%2Fwp%2Fv2%2Fproduct_cat&post=6153"},{"taxonomy":"product_tag","embeddable":true,"href":"https:\/\/ozturkiselbiseleri.com\/index.php?rest_route=%2Fwp%2Fv2%2Fproduct_tag&post=6153"}],"curies":[{"name":"wp","href":"https:\/\/api.w.org\/{rel}","templated":true}]}}