{"id":6159,"date":"2024-01-27T15:08:03","date_gmt":"2024-01-27T12:08:03","guid":{"rendered":"https:\/\/ozturkiselbiseleri.com\/?post_type=product&#038;p=6159"},"modified":"2024-01-27T15:08:03","modified_gmt":"2024-01-27T12:08:03","slug":"mfk-3700c-kedi-gozlu-koni-siyah","status":"publish","type":"product","link":"https:\/\/ozturkiselbiseleri.com\/?product=mfk-3700c-kedi-gozlu-koni-siyah","title":{"rendered":"MFK 3700C KED\u0130 G\u00d6ZL\u00dc KON\u0130 S\u0130YAH"},"content":{"rendered":"","protected":false},"excerpt":{"rendered":"","protected":false},"featured_media":6160,"comment_status":"open","ping_status":"closed","template":"","meta":[],"product_cat":[81,70],"product_tag":[],"_links":{"self":[{"href":"https:\/\/ozturkiselbiseleri.com\/index.php?rest_route=\/wp\/v2\/product\/6159"}],"collection":[{"href":"https:\/\/ozturkiselbiseleri.com\/index.php?rest_route=\/wp\/v2\/product"}],"about":[{"href":"https:\/\/ozturkiselbiseleri.com\/index.php?rest_route=\/wp\/v2\/types\/product"}],"replies":[{"embeddable":true,"href":"https:\/\/ozturkiselbiseleri.com\/index.php?rest_route=%2Fwp%2Fv2%2Fcomments&post=6159"}],"wp:featuredmedia":[{"embeddable":true,"href":"https:\/\/ozturkiselbiseleri.com\/index.php?rest_route=\/wp\/v2\/media\/6160"}],"wp:attachment":[{"href":"https:\/\/ozturkiselbiseleri.com\/index.php?rest_route=%2Fwp%2Fv2%2Fmedia&parent=6159"}],"wp:term":[{"taxonomy":"product_cat","embeddable":true,"href":"https:\/\/ozturkiselbiseleri.com\/index.php?rest_route=%2Fwp%2Fv2%2Fproduct_cat&post=6159"},{"taxonomy":"product_tag","embeddable":true,"href":"https:\/\/ozturkiselbiseleri.com\/index.php?rest_route=%2Fwp%2Fv2%2Fproduct_tag&post=6159"}],"curies":[{"name":"wp","href":"https:\/\/api.w.org\/{rel}","templated":true}]}}