{"id":6163,"date":"2024-01-27T15:09:03","date_gmt":"2024-01-27T12:09:03","guid":{"rendered":"https:\/\/ozturkiselbiseleri.com\/?post_type=product&#038;p=6163"},"modified":"2024-01-27T15:09:03","modified_gmt":"2024-01-27T12:09:03","slug":"mfk-3700e-kedi-gozlu-koni-yesil","status":"publish","type":"product","link":"https:\/\/ozturkiselbiseleri.com\/?product=mfk-3700e-kedi-gozlu-koni-yesil","title":{"rendered":"MFK 3700E KED\u0130 G\u00d6ZL\u00dc KON\u0130 YE\u015e\u0130L"},"content":{"rendered":"","protected":false},"excerpt":{"rendered":"","protected":false},"featured_media":6164,"comment_status":"open","ping_status":"closed","template":"","meta":[],"product_cat":[81,70],"product_tag":[],"_links":{"self":[{"href":"https:\/\/ozturkiselbiseleri.com\/index.php?rest_route=\/wp\/v2\/product\/6163"}],"collection":[{"href":"https:\/\/ozturkiselbiseleri.com\/index.php?rest_route=\/wp\/v2\/product"}],"about":[{"href":"https:\/\/ozturkiselbiseleri.com\/index.php?rest_route=\/wp\/v2\/types\/product"}],"replies":[{"embeddable":true,"href":"https:\/\/ozturkiselbiseleri.com\/index.php?rest_route=%2Fwp%2Fv2%2Fcomments&post=6163"}],"wp:featuredmedia":[{"embeddable":true,"href":"https:\/\/ozturkiselbiseleri.com\/index.php?rest_route=\/wp\/v2\/media\/6164"}],"wp:attachment":[{"href":"https:\/\/ozturkiselbiseleri.com\/index.php?rest_route=%2Fwp%2Fv2%2Fmedia&parent=6163"}],"wp:term":[{"taxonomy":"product_cat","embeddable":true,"href":"https:\/\/ozturkiselbiseleri.com\/index.php?rest_route=%2Fwp%2Fv2%2Fproduct_cat&post=6163"},{"taxonomy":"product_tag","embeddable":true,"href":"https:\/\/ozturkiselbiseleri.com\/index.php?rest_route=%2Fwp%2Fv2%2Fproduct_tag&post=6163"}],"curies":[{"name":"wp","href":"https:\/\/api.w.org\/{rel}","templated":true}]}}