{"id":6171,"date":"2024-01-27T15:10:54","date_gmt":"2024-01-27T12:10:54","guid":{"rendered":"https:\/\/ozturkiselbiseleri.com\/?post_type=product&#038;p=6171"},"modified":"2024-01-27T15:10:54","modified_gmt":"2024-01-27T12:10:54","slug":"mfk-3900-koni-levha-takma-aparati","status":"publish","type":"product","link":"https:\/\/ozturkiselbiseleri.com\/?product=mfk-3900-koni-levha-takma-aparati","title":{"rendered":"MFK 3900 KON\u0130 LEVHA TAKMA APARATI"},"content":{"rendered":"<h2>MFK 3900 TEKN\u0130K \u00d6ZELL\u0130KLER<\/h2>\n<p>Malzeme : ABS<\/p>\n<p>\u00d6l\u00e7\u00fcler : 70&#215;105 mm<\/p>\n<p>Renk : Siyah<\/p>\n","protected":false},"excerpt":{"rendered":"<p>MFK 3900 TEKN\u0130K \u00d6ZELL\u0130KLER Malzeme : ABS \u00d6l\u00e7\u00fcler : 70&#215;105 mm Renk : Siyah<\/p>\n","protected":false},"featured_media":6172,"comment_status":"open","ping_status":"closed","template":"","meta":[],"product_cat":[81,70],"product_tag":[],"_links":{"self":[{"href":"https:\/\/ozturkiselbiseleri.com\/index.php?rest_route=\/wp\/v2\/product\/6171"}],"collection":[{"href":"https:\/\/ozturkiselbiseleri.com\/index.php?rest_route=\/wp\/v2\/product"}],"about":[{"href":"https:\/\/ozturkiselbiseleri.com\/index.php?rest_route=\/wp\/v2\/types\/product"}],"replies":[{"embeddable":true,"href":"https:\/\/ozturkiselbiseleri.com\/index.php?rest_route=%2Fwp%2Fv2%2Fcomments&post=6171"}],"wp:featuredmedia":[{"embeddable":true,"href":"https:\/\/ozturkiselbiseleri.com\/index.php?rest_route=\/wp\/v2\/media\/6172"}],"wp:attachment":[{"href":"https:\/\/ozturkiselbiseleri.com\/index.php?rest_route=%2Fwp%2Fv2%2Fmedia&parent=6171"}],"wp:term":[{"taxonomy":"product_cat","embeddable":true,"href":"https:\/\/ozturkiselbiseleri.com\/index.php?rest_route=%2Fwp%2Fv2%2Fproduct_cat&post=6171"},{"taxonomy":"product_tag","embeddable":true,"href":"https:\/\/ozturkiselbiseleri.com\/index.php?rest_route=%2Fwp%2Fv2%2Fproduct_tag&post=6171"}],"curies":[{"name":"wp","href":"https:\/\/api.w.org\/{rel}","templated":true}]}}