{"id":6177,"date":"2024-01-27T15:13:18","date_gmt":"2024-01-27T12:13:18","guid":{"rendered":"https:\/\/ozturkiselbiseleri.com\/?post_type=product&#038;p=6177"},"modified":"2024-01-27T15:13:18","modified_gmt":"2024-01-27T12:13:18","slug":"mfk-4050-micir-tabanli-dikme-50-cm","status":"publish","type":"product","link":"https:\/\/ozturkiselbiseleri.com\/?product=mfk-4050-micir-tabanli-dikme-50-cm","title":{"rendered":"MFK 4050 MICIR TABANLI D\u0130KME 50 CM"},"content":{"rendered":"<h2>MFK 4050 TEKN\u0130K \u00d6ZELL\u0130KLER<\/h2>\n<p>Malzeme : HDPE+PP<\/p>\n<p>\u00c7ap : 110 mm<\/p>\n<p>Y\u00fckseklik : 60 mm<\/p>\n<p>Renk : \u015eapka beyaz, G\u00f6vde florasan k\u0131rm\u0131z\u0131, Taban siyah<\/p>\n<p>Bo\u015f A\u011f\u0131rl\u0131k : 2 kg<\/p>\n<p>Dolu A\u011f\u0131rl\u0131k : 6 Kg \u00b1 0,5 kg<\/p>\n","protected":false},"excerpt":{"rendered":"<p>MFK 4050 TEKN\u0130K \u00d6ZELL\u0130KLER Malzeme : HDPE+PP \u00c7ap : 110 mm Y\u00fckseklik : 60 mm Renk : \u015eapka beyaz, G\u00f6vde florasan k\u0131rm\u0131z\u0131, Taban siyah Bo\u015f&#8230;<\/p>\n","protected":false},"featured_media":6178,"comment_status":"open","ping_status":"closed","template":"","meta":[],"product_cat":[70,82],"product_tag":[],"_links":{"self":[{"href":"https:\/\/ozturkiselbiseleri.com\/index.php?rest_route=\/wp\/v2\/product\/6177"}],"collection":[{"href":"https:\/\/ozturkiselbiseleri.com\/index.php?rest_route=\/wp\/v2\/product"}],"about":[{"href":"https:\/\/ozturkiselbiseleri.com\/index.php?rest_route=\/wp\/v2\/types\/product"}],"replies":[{"embeddable":true,"href":"https:\/\/ozturkiselbiseleri.com\/index.php?rest_route=%2Fwp%2Fv2%2Fcomments&post=6177"}],"wp:featuredmedia":[{"embeddable":true,"href":"https:\/\/ozturkiselbiseleri.com\/index.php?rest_route=\/wp\/v2\/media\/6178"}],"wp:attachment":[{"href":"https:\/\/ozturkiselbiseleri.com\/index.php?rest_route=%2Fwp%2Fv2%2Fmedia&parent=6177"}],"wp:term":[{"taxonomy":"product_cat","embeddable":true,"href":"https:\/\/ozturkiselbiseleri.com\/index.php?rest_route=%2Fwp%2Fv2%2Fproduct_cat&post=6177"},{"taxonomy":"product_tag","embeddable":true,"href":"https:\/\/ozturkiselbiseleri.com\/index.php?rest_route=%2Fwp%2Fv2%2Fproduct_tag&post=6177"}],"curies":[{"name":"wp","href":"https:\/\/api.w.org\/{rel}","templated":true}]}}