{"id":6183,"date":"2024-01-29T12:37:06","date_gmt":"2024-01-29T09:37:06","guid":{"rendered":"https:\/\/ozturkiselbiseleri.com\/?post_type=product&#038;p=6183"},"modified":"2024-01-29T12:37:06","modified_gmt":"2024-01-29T09:37:06","slug":"mfk-4120-micir-tabanli-dikme-110-mm","status":"publish","type":"product","link":"https:\/\/ozturkiselbiseleri.com\/?product=mfk-4120-micir-tabanli-dikme-110-mm","title":{"rendered":"MFK 4120 MICIR TABANLI D\u0130KME 110 MM"},"content":{"rendered":"<h2>MFK 4120 TEKN\u0130K \u00d6ZELL\u0130KLER<\/h2>\n<table width=\"285\">\n<tbody>\n<tr>\n<td width=\"94\">Malzeme<\/td>\n<td width=\"12\">:<\/td>\n<td width=\"179\">PPC , HDPE<\/td>\n<\/tr>\n<tr>\n<td>Alt \u00c7ap<\/td>\n<td>:<\/td>\n<td>44 cm<\/td>\n<\/tr>\n<tr>\n<td>Taban Tipi<\/td>\n<td>:<\/td>\n<td>Sekiz K\u00f6\u015fe , M\u0131c\u0131r<\/td>\n<\/tr>\n<tr>\n<td>Dikme \u00c7ap\u0131<\/td>\n<td>:<\/td>\n<td>12 cm<\/td>\n<\/tr>\n<tr>\n<td>Y\u00fckseklik<\/td>\n<td>:<\/td>\n<td>120 cm<\/td>\n<\/tr>\n<tr>\n<td>A\u011f\u0131rl\u0131k<\/td>\n<td>:<\/td>\n<td>10,000 gr \u00b1 1000 gr<\/td>\n<\/tr>\n<tr>\n<td>Renk<\/td>\n<td>:<\/td>\n<td>K\u0131rm\u0131z\u0131<\/td>\n<\/tr>\n<tr>\n<td>Reflektif<\/td>\n<td>:<\/td>\n<td>PET Reflektif<\/td>\n<\/tr>\n<tr>\n<td>Montaj<\/td>\n<td>:<\/td>\n<td>Ta\u015f\u0131nabilir<\/td>\n<\/tr>\n<\/tbody>\n<\/table>\n","protected":false},"excerpt":{"rendered":"<p>MFK 4120 TEKN\u0130K \u00d6ZELL\u0130KLER Malzeme : PPC , HDPE Alt \u00c7ap : 44 cm Taban Tipi : Sekiz K\u00f6\u015fe , M\u0131c\u0131r Dikme \u00c7ap\u0131 : 12&#8230;<\/p>\n","protected":false},"featured_media":6184,"comment_status":"open","ping_status":"closed","template":"","meta":[],"product_cat":[70,82],"product_tag":[],"_links":{"self":[{"href":"https:\/\/ozturkiselbiseleri.com\/index.php?rest_route=\/wp\/v2\/product\/6183"}],"collection":[{"href":"https:\/\/ozturkiselbiseleri.com\/index.php?rest_route=\/wp\/v2\/product"}],"about":[{"href":"https:\/\/ozturkiselbiseleri.com\/index.php?rest_route=\/wp\/v2\/types\/product"}],"replies":[{"embeddable":true,"href":"https:\/\/ozturkiselbiseleri.com\/index.php?rest_route=%2Fwp%2Fv2%2Fcomments&post=6183"}],"wp:featuredmedia":[{"embeddable":true,"href":"https:\/\/ozturkiselbiseleri.com\/index.php?rest_route=\/wp\/v2\/media\/6184"}],"wp:attachment":[{"href":"https:\/\/ozturkiselbiseleri.com\/index.php?rest_route=%2Fwp%2Fv2%2Fmedia&parent=6183"}],"wp:term":[{"taxonomy":"product_cat","embeddable":true,"href":"https:\/\/ozturkiselbiseleri.com\/index.php?rest_route=%2Fwp%2Fv2%2Fproduct_cat&post=6183"},{"taxonomy":"product_tag","embeddable":true,"href":"https:\/\/ozturkiselbiseleri.com\/index.php?rest_route=%2Fwp%2Fv2%2Fproduct_tag&post=6183"}],"curies":[{"name":"wp","href":"https:\/\/api.w.org\/{rel}","templated":true}]}}