{"id":6185,"date":"2024-01-29T12:37:50","date_gmt":"2024-01-29T09:37:50","guid":{"rendered":"https:\/\/ozturkiselbiseleri.com\/?post_type=product&#038;p=6185"},"modified":"2024-01-29T12:37:50","modified_gmt":"2024-01-29T09:37:50","slug":"mfk-4110-micir-tabanli-dikme-110-mm","status":"publish","type":"product","link":"https:\/\/ozturkiselbiseleri.com\/?product=mfk-4110-micir-tabanli-dikme-110-mm","title":{"rendered":"MFK 4110 MICIR TABANLI D\u0130KME 110 MM"},"content":{"rendered":"<h2>MFK 4110 TEKN\u0130K \u00d6ZELL\u0130KLER<\/h2>\n<p>Malzeme : PPC+PP<\/p>\n<p>\u00c7ap : 110 mm<\/p>\n<p>Y\u00fckseklik : 120 cm<\/p>\n<p>Renk : G\u00f6vde florasan k\u0131rm\u0131z\u0131, Taban siyah<\/p>\n<p>Dolu A\u011f\u0131rl\u0131k : 7 Kg \u00b1 0,5 Kg<\/p>\n","protected":false},"excerpt":{"rendered":"<p>MFK 4110 TEKN\u0130K \u00d6ZELL\u0130KLER Malzeme : PPC+PP \u00c7ap : 110 mm Y\u00fckseklik : 120 cm Renk : G\u00f6vde florasan k\u0131rm\u0131z\u0131, Taban siyah Dolu A\u011f\u0131rl\u0131k :&#8230;<\/p>\n","protected":false},"featured_media":6186,"comment_status":"open","ping_status":"closed","template":"","meta":[],"product_cat":[70,82],"product_tag":[],"_links":{"self":[{"href":"https:\/\/ozturkiselbiseleri.com\/index.php?rest_route=\/wp\/v2\/product\/6185"}],"collection":[{"href":"https:\/\/ozturkiselbiseleri.com\/index.php?rest_route=\/wp\/v2\/product"}],"about":[{"href":"https:\/\/ozturkiselbiseleri.com\/index.php?rest_route=\/wp\/v2\/types\/product"}],"replies":[{"embeddable":true,"href":"https:\/\/ozturkiselbiseleri.com\/index.php?rest_route=%2Fwp%2Fv2%2Fcomments&post=6185"}],"wp:featuredmedia":[{"embeddable":true,"href":"https:\/\/ozturkiselbiseleri.com\/index.php?rest_route=\/wp\/v2\/media\/6186"}],"wp:attachment":[{"href":"https:\/\/ozturkiselbiseleri.com\/index.php?rest_route=%2Fwp%2Fv2%2Fmedia&parent=6185"}],"wp:term":[{"taxonomy":"product_cat","embeddable":true,"href":"https:\/\/ozturkiselbiseleri.com\/index.php?rest_route=%2Fwp%2Fv2%2Fproduct_cat&post=6185"},{"taxonomy":"product_tag","embeddable":true,"href":"https:\/\/ozturkiselbiseleri.com\/index.php?rest_route=%2Fwp%2Fv2%2Fproduct_tag&post=6185"}],"curies":[{"name":"wp","href":"https:\/\/api.w.org\/{rel}","templated":true}]}}