{"id":6187,"date":"2024-01-29T12:38:47","date_gmt":"2024-01-29T09:38:47","guid":{"rendered":"https:\/\/ozturkiselbiseleri.com\/?post_type=product&#038;p=6187"},"modified":"2024-01-29T12:38:47","modified_gmt":"2024-01-29T09:38:47","slug":"mfk-4055-kaucuk-tabanli-dikme-50-cm","status":"publish","type":"product","link":"https:\/\/ozturkiselbiseleri.com\/?product=mfk-4055-kaucuk-tabanli-dikme-50-cm","title":{"rendered":"MFK 4055 KAU\u00c7UK TABANLI D\u0130KME 50 CM"},"content":{"rendered":"<div class=\"fw urunPageTitle\">\n<h2>MFK 4055 TEKN\u0130K \u00d6ZELL\u0130KLER<\/h2>\n<p>Malzeme : HDPE+PP<\/p>\n<p>\u00c7ap : 110 mm<\/p>\n<p>Y\u00fckseklik : 60 cm<\/p>\n<p>Renk : \u015eapka beyaz, G\u00f6vde florasan k\u0131rm\u0131z\u0131, Taban siyah<\/p>\n<p>Dolu A\u011f\u0131rl\u0131k : 6 Kg \u00b1 0,5 Kg<\/p>\n<\/div>\n<div class=\"fw singlePageContent\">\n<div class=\"singlePageContentLeft\">\n<div class=\"fw singlePageContentLeftBox\">\n<div class=\"fw productSlider\">\n<div class=\"fw productSliderTop\">\n<div class=\"tab-content\"><\/div>\n<\/div>\n<\/div>\n<\/div>\n<\/div>\n<\/div>\n","protected":false},"excerpt":{"rendered":"<p>MFK 4055 TEKN\u0130K \u00d6ZELL\u0130KLER Malzeme : HDPE+PP \u00c7ap : 110 mm Y\u00fckseklik : 60 cm Renk : \u015eapka beyaz, G\u00f6vde florasan k\u0131rm\u0131z\u0131, Taban siyah Dolu&#8230;<\/p>\n","protected":false},"featured_media":6188,"comment_status":"open","ping_status":"closed","template":"","meta":[],"product_cat":[70,82],"product_tag":[],"_links":{"self":[{"href":"https:\/\/ozturkiselbiseleri.com\/index.php?rest_route=\/wp\/v2\/product\/6187"}],"collection":[{"href":"https:\/\/ozturkiselbiseleri.com\/index.php?rest_route=\/wp\/v2\/product"}],"about":[{"href":"https:\/\/ozturkiselbiseleri.com\/index.php?rest_route=\/wp\/v2\/types\/product"}],"replies":[{"embeddable":true,"href":"https:\/\/ozturkiselbiseleri.com\/index.php?rest_route=%2Fwp%2Fv2%2Fcomments&post=6187"}],"wp:featuredmedia":[{"embeddable":true,"href":"https:\/\/ozturkiselbiseleri.com\/index.php?rest_route=\/wp\/v2\/media\/6188"}],"wp:attachment":[{"href":"https:\/\/ozturkiselbiseleri.com\/index.php?rest_route=%2Fwp%2Fv2%2Fmedia&parent=6187"}],"wp:term":[{"taxonomy":"product_cat","embeddable":true,"href":"https:\/\/ozturkiselbiseleri.com\/index.php?rest_route=%2Fwp%2Fv2%2Fproduct_cat&post=6187"},{"taxonomy":"product_tag","embeddable":true,"href":"https:\/\/ozturkiselbiseleri.com\/index.php?rest_route=%2Fwp%2Fv2%2Fproduct_tag&post=6187"}],"curies":[{"name":"wp","href":"https:\/\/api.w.org\/{rel}","templated":true}]}}