{"id":6193,"date":"2024-01-29T12:40:53","date_gmt":"2024-01-29T09:40:53","guid":{"rendered":"https:\/\/ozturkiselbiseleri.com\/?post_type=product&#038;p=6193"},"modified":"2024-01-29T12:40:53","modified_gmt":"2024-01-29T09:40:53","slug":"mfk-4125-kaucuk-tabanli-dikme-110-mm","status":"publish","type":"product","link":"https:\/\/ozturkiselbiseleri.com\/?product=mfk-4125-kaucuk-tabanli-dikme-110-mm","title":{"rendered":"MFK 4125 KAU\u00c7UK TABANLI D\u0130KME 110 MM"},"content":{"rendered":"<h2>MFK 4125 TEKN\u0130K \u00d6ZELL\u0130KLER<\/h2>\n<table width=\"285\">\n<tbody>\n<tr>\n<td width=\"94\">Malzeme<\/td>\n<td width=\"12\">:<\/td>\n<td width=\"179\">HDPE , Kau\u00e7uk<\/td>\n<\/tr>\n<tr>\n<td>Alt \u00c7ap<\/td>\n<td>:<\/td>\n<td>44 cm<\/td>\n<\/tr>\n<tr>\n<td>Taban Tipi<\/td>\n<td>:<\/td>\n<td>Sekiz K\u00f6\u015fe , Kau\u00e7uk<\/td>\n<\/tr>\n<tr>\n<td>Dikme \u00c7ap\u0131<\/td>\n<td>:<\/td>\n<td>12 cm<\/td>\n<\/tr>\n<tr>\n<td>Y\u00fckseklik<\/td>\n<td>:<\/td>\n<td>120 cm<\/td>\n<\/tr>\n<tr>\n<td>A\u011f\u0131rl\u0131k<\/td>\n<td>:<\/td>\n<td>8,500 gr \u00b1 1,000 gr<\/td>\n<\/tr>\n<tr>\n<td>Renk<\/td>\n<td>:<\/td>\n<td>K\u0131rm\u0131z\u0131<\/td>\n<\/tr>\n<tr>\n<td>Reflektif<\/td>\n<td>:<\/td>\n<td>PET Reflektif<\/td>\n<\/tr>\n<tr>\n<td>Montaj<\/td>\n<td>:<\/td>\n<td>Ta\u015f\u0131nabilir<\/td>\n<\/tr>\n<\/tbody>\n<\/table>\n","protected":false},"excerpt":{"rendered":"<p>MFK 4125 TEKN\u0130K \u00d6ZELL\u0130KLER Malzeme : HDPE , Kau\u00e7uk Alt \u00c7ap : 44 cm Taban Tipi : Sekiz K\u00f6\u015fe , Kau\u00e7uk Dikme \u00c7ap\u0131 : 12&#8230;<\/p>\n","protected":false},"featured_media":6194,"comment_status":"open","ping_status":"closed","template":"","meta":[],"product_cat":[70,82],"product_tag":[],"_links":{"self":[{"href":"https:\/\/ozturkiselbiseleri.com\/index.php?rest_route=\/wp\/v2\/product\/6193"}],"collection":[{"href":"https:\/\/ozturkiselbiseleri.com\/index.php?rest_route=\/wp\/v2\/product"}],"about":[{"href":"https:\/\/ozturkiselbiseleri.com\/index.php?rest_route=\/wp\/v2\/types\/product"}],"replies":[{"embeddable":true,"href":"https:\/\/ozturkiselbiseleri.com\/index.php?rest_route=%2Fwp%2Fv2%2Fcomments&post=6193"}],"wp:featuredmedia":[{"embeddable":true,"href":"https:\/\/ozturkiselbiseleri.com\/index.php?rest_route=\/wp\/v2\/media\/6194"}],"wp:attachment":[{"href":"https:\/\/ozturkiselbiseleri.com\/index.php?rest_route=%2Fwp%2Fv2%2Fmedia&parent=6193"}],"wp:term":[{"taxonomy":"product_cat","embeddable":true,"href":"https:\/\/ozturkiselbiseleri.com\/index.php?rest_route=%2Fwp%2Fv2%2Fproduct_cat&post=6193"},{"taxonomy":"product_tag","embeddable":true,"href":"https:\/\/ozturkiselbiseleri.com\/index.php?rest_route=%2Fwp%2Fv2%2Fproduct_tag&post=6193"}],"curies":[{"name":"wp","href":"https:\/\/api.w.org\/{rel}","templated":true}]}}