{"id":6197,"date":"2024-01-29T12:41:52","date_gmt":"2024-01-29T09:41:52","guid":{"rendered":"https:\/\/ozturkiselbiseleri.com\/?post_type=product&#038;p=6197"},"modified":"2024-01-29T12:41:53","modified_gmt":"2024-01-29T09:41:53","slug":"mfk-4010-dikme-duba","status":"publish","type":"product","link":"https:\/\/ozturkiselbiseleri.com\/?product=mfk-4010-dikme-duba","title":{"rendered":"MFK 4010 D\u0130KME DUBA"},"content":{"rendered":"<h2>MFK 4010 TEKN\u0130K \u00d6ZELL\u0130KLER<\/h2>\n<table width=\"260\">\n<tbody>\n<tr>\n<td width=\"69\">Malzeme<\/td>\n<td width=\"12\">:<\/td>\n<td width=\"179\">PPC , PP<\/td>\n<\/tr>\n<tr>\n<td>\u00c7ap<\/td>\n<td>:<\/td>\n<td>40 cm<\/td>\n<\/tr>\n<tr>\n<td>Taban Tipi<\/td>\n<td>:<\/td>\n<td>Yuvarlak<\/td>\n<\/tr>\n<tr>\n<td>Y\u00fckseklik<\/td>\n<td>:<\/td>\n<td>30 cm<\/td>\n<\/tr>\n<tr>\n<td>A\u011f\u0131rl\u0131k<\/td>\n<td>:<\/td>\n<td>5000 gr \u00b1 500 gr<\/td>\n<\/tr>\n<tr>\n<td>Renk<\/td>\n<td>:<\/td>\n<td>K\u0131rm\u0131z\u0131<\/td>\n<\/tr>\n<tr>\n<td>Refllektif<\/td>\n<td>:<\/td>\n<td>&#8211;<\/td>\n<\/tr>\n<tr>\n<td>Montaj<\/td>\n<td>:<\/td>\n<td>Ta\u015f\u0131nabilir<\/td>\n<\/tr>\n<\/tbody>\n<\/table>\n","protected":false},"excerpt":{"rendered":"<p>MFK 4010 TEKN\u0130K \u00d6ZELL\u0130KLER Malzeme : PPC , PP \u00c7ap : 40 cm Taban Tipi : Yuvarlak Y\u00fckseklik : 30 cm A\u011f\u0131rl\u0131k : 5000 gr&#8230;<\/p>\n","protected":false},"featured_media":6198,"comment_status":"open","ping_status":"closed","template":"","meta":[],"product_cat":[70,82],"product_tag":[],"_links":{"self":[{"href":"https:\/\/ozturkiselbiseleri.com\/index.php?rest_route=\/wp\/v2\/product\/6197"}],"collection":[{"href":"https:\/\/ozturkiselbiseleri.com\/index.php?rest_route=\/wp\/v2\/product"}],"about":[{"href":"https:\/\/ozturkiselbiseleri.com\/index.php?rest_route=\/wp\/v2\/types\/product"}],"replies":[{"embeddable":true,"href":"https:\/\/ozturkiselbiseleri.com\/index.php?rest_route=%2Fwp%2Fv2%2Fcomments&post=6197"}],"wp:featuredmedia":[{"embeddable":true,"href":"https:\/\/ozturkiselbiseleri.com\/index.php?rest_route=\/wp\/v2\/media\/6198"}],"wp:attachment":[{"href":"https:\/\/ozturkiselbiseleri.com\/index.php?rest_route=%2Fwp%2Fv2%2Fmedia&parent=6197"}],"wp:term":[{"taxonomy":"product_cat","embeddable":true,"href":"https:\/\/ozturkiselbiseleri.com\/index.php?rest_route=%2Fwp%2Fv2%2Fproduct_cat&post=6197"},{"taxonomy":"product_tag","embeddable":true,"href":"https:\/\/ozturkiselbiseleri.com\/index.php?rest_route=%2Fwp%2Fv2%2Fproduct_tag&post=6197"}],"curies":[{"name":"wp","href":"https:\/\/api.w.org\/{rel}","templated":true}]}}