{"id":6211,"date":"2024-01-29T12:47:13","date_gmt":"2024-01-29T09:47:13","guid":{"rendered":"https:\/\/ozturkiselbiseleri.com\/?post_type=product&#038;p=6211"},"modified":"2024-01-29T12:47:13","modified_gmt":"2024-01-29T09:47:13","slug":"mfk-2175-esnek-uyari-dikmesi-75-cm-2","status":"publish","type":"product","link":"https:\/\/ozturkiselbiseleri.com\/?product=mfk-2175-esnek-uyari-dikmesi-75-cm-2","title":{"rendered":"MFK 2175 ESNEK UYARI D\u0130KMES\u0130 75 CM"},"content":{"rendered":"<h2>MFK 2175 TEKN\u0130K \u00d6ZELL\u0130KLER<\/h2>\n<table width=\"254\">\n<tbody>\n<tr>\n<td width=\"63\">Malzeme<\/td>\n<td width=\"12\">:<\/td>\n<td width=\"179\">HDPE , PVC<\/td>\n<\/tr>\n<tr>\n<td>\u00dcst \u00c7ap<\/td>\n<td>:<\/td>\n<td>10 cm<\/td>\n<\/tr>\n<tr>\n<td>Alt \u00c7ap<\/td>\n<td>:<\/td>\n<td>26 cm<\/td>\n<\/tr>\n<tr>\n<td>Y\u00fckseklik<\/td>\n<td>:<\/td>\n<td>79 cm<\/td>\n<\/tr>\n<tr>\n<td>A\u011f\u0131rl\u0131k<\/td>\n<td>:<\/td>\n<td>2100 gr \u00b1 100 gr<\/td>\n<\/tr>\n<tr>\n<td>renk<\/td>\n<td>:<\/td>\n<td>K\u0131rm\u0131z\u0131<\/td>\n<\/tr>\n<tr>\n<td>Reflektif<\/td>\n<td>:<\/td>\n<td>Petekli<\/td>\n<\/tr>\n<tr>\n<td>Montaj<\/td>\n<td>:<\/td>\n<td>3 D\u00fcbel, 3 Vida<\/td>\n<\/tr>\n<\/tbody>\n<\/table>\n","protected":false},"excerpt":{"rendered":"<p>MFK 2175 TEKN\u0130K \u00d6ZELL\u0130KLER Malzeme : HDPE , PVC \u00dcst \u00c7ap : 10 cm Alt \u00c7ap : 26 cm Y\u00fckseklik : 79 cm A\u011f\u0131rl\u0131k :&#8230;<\/p>\n","protected":false},"featured_media":6212,"comment_status":"open","ping_status":"closed","template":"","meta":[],"product_cat":[70,82],"product_tag":[],"_links":{"self":[{"href":"https:\/\/ozturkiselbiseleri.com\/index.php?rest_route=\/wp\/v2\/product\/6211"}],"collection":[{"href":"https:\/\/ozturkiselbiseleri.com\/index.php?rest_route=\/wp\/v2\/product"}],"about":[{"href":"https:\/\/ozturkiselbiseleri.com\/index.php?rest_route=\/wp\/v2\/types\/product"}],"replies":[{"embeddable":true,"href":"https:\/\/ozturkiselbiseleri.com\/index.php?rest_route=%2Fwp%2Fv2%2Fcomments&post=6211"}],"wp:featuredmedia":[{"embeddable":true,"href":"https:\/\/ozturkiselbiseleri.com\/index.php?rest_route=\/wp\/v2\/media\/6212"}],"wp:attachment":[{"href":"https:\/\/ozturkiselbiseleri.com\/index.php?rest_route=%2Fwp%2Fv2%2Fmedia&parent=6211"}],"wp:term":[{"taxonomy":"product_cat","embeddable":true,"href":"https:\/\/ozturkiselbiseleri.com\/index.php?rest_route=%2Fwp%2Fv2%2Fproduct_cat&post=6211"},{"taxonomy":"product_tag","embeddable":true,"href":"https:\/\/ozturkiselbiseleri.com\/index.php?rest_route=%2Fwp%2Fv2%2Fproduct_tag&post=6211"}],"curies":[{"name":"wp","href":"https:\/\/api.w.org\/{rel}","templated":true}]}}