{"id":6215,"date":"2024-01-29T12:49:10","date_gmt":"2024-01-29T09:49:10","guid":{"rendered":"https:\/\/ozturkiselbiseleri.com\/?post_type=product&#038;p=6215"},"modified":"2024-01-29T12:49:10","modified_gmt":"2024-01-29T09:49:10","slug":"mfk-5001-hissedilebilir-yurume-yuzeyi-kilavuz-tip","status":"publish","type":"product","link":"https:\/\/ozturkiselbiseleri.com\/?product=mfk-5001-hissedilebilir-yurume-yuzeyi-kilavuz-tip","title":{"rendered":"MFK 5001 H\u0130SSED\u0130LEB\u0130L\u0130R Y\u00dcR\u00dcME Y\u00dcZEY\u0130 (KILAVUZ T\u0130P)"},"content":{"rendered":"<h2>MFK 5001 TEKN\u0130K \u00d6ZELL\u0130KLER<\/h2>\n<table width=\"265\">\n<tbody>\n<tr>\n<td width=\"74\">Malzeme<\/td>\n<td width=\"12\">:<\/td>\n<td width=\"179\">TPU<\/td>\n<\/tr>\n<tr>\n<td>Adet<\/td>\n<td>:<\/td>\n<td>6<\/td>\n<\/tr>\n<tr>\n<td>\u00d6l\u00e7\u00fcler<\/td>\n<td>:<\/td>\n<td>40&#215;40 cm<\/td>\n<\/tr>\n<tr>\n<td>Y\u00fckseklik<\/td>\n<td>:<\/td>\n<td>0,5 cm<\/td>\n<\/tr>\n<tr>\n<td>A\u011f\u0131rl\u0131k<\/td>\n<td>:<\/td>\n<td>330 gr \u00b1 30 gr (Adet 56 gr)<\/td>\n<\/tr>\n<tr>\n<td>Renk<\/td>\n<td>:<\/td>\n<td>Sar\u0131<\/td>\n<\/tr>\n<tr>\n<td>Montaj<\/td>\n<td>:<\/td>\n<td>Yap\u0131\u015ft\u0131r\u0131c\u0131<\/td>\n<\/tr>\n<\/tbody>\n<\/table>\n","protected":false},"excerpt":{"rendered":"<p>MFK 5001 TEKN\u0130K \u00d6ZELL\u0130KLER Malzeme : TPU Adet : 6 \u00d6l\u00e7\u00fcler : 40&#215;40 cm Y\u00fckseklik : 0,5 cm A\u011f\u0131rl\u0131k : 330 gr \u00b1 30 gr&#8230;<\/p>\n","protected":false},"featured_media":6216,"comment_status":"open","ping_status":"closed","template":"","meta":[],"product_cat":[83,70],"product_tag":[],"_links":{"self":[{"href":"https:\/\/ozturkiselbiseleri.com\/index.php?rest_route=\/wp\/v2\/product\/6215"}],"collection":[{"href":"https:\/\/ozturkiselbiseleri.com\/index.php?rest_route=\/wp\/v2\/product"}],"about":[{"href":"https:\/\/ozturkiselbiseleri.com\/index.php?rest_route=\/wp\/v2\/types\/product"}],"replies":[{"embeddable":true,"href":"https:\/\/ozturkiselbiseleri.com\/index.php?rest_route=%2Fwp%2Fv2%2Fcomments&post=6215"}],"wp:featuredmedia":[{"embeddable":true,"href":"https:\/\/ozturkiselbiseleri.com\/index.php?rest_route=\/wp\/v2\/media\/6216"}],"wp:attachment":[{"href":"https:\/\/ozturkiselbiseleri.com\/index.php?rest_route=%2Fwp%2Fv2%2Fmedia&parent=6215"}],"wp:term":[{"taxonomy":"product_cat","embeddable":true,"href":"https:\/\/ozturkiselbiseleri.com\/index.php?rest_route=%2Fwp%2Fv2%2Fproduct_cat&post=6215"},{"taxonomy":"product_tag","embeddable":true,"href":"https:\/\/ozturkiselbiseleri.com\/index.php?rest_route=%2Fwp%2Fv2%2Fproduct_tag&post=6215"}],"curies":[{"name":"wp","href":"https:\/\/api.w.org\/{rel}","templated":true}]}}