{"id":6237,"date":"2024-01-29T12:57:49","date_gmt":"2024-01-29T09:57:49","guid":{"rendered":"https:\/\/ozturkiselbiseleri.com\/?post_type=product&#038;p=6237"},"modified":"2024-01-29T12:57:49","modified_gmt":"2024-01-29T09:57:49","slug":"mfk-5120-klasik-yol-butonu","status":"publish","type":"product","link":"https:\/\/ozturkiselbiseleri.com\/?product=mfk-5120-klasik-yol-butonu","title":{"rendered":"MFK 5120 KLAS\u0130K YOL BUTONU"},"content":{"rendered":"<h2>MFK 5120 TEKN\u0130K \u00d6ZELL\u0130KLER<\/h2>\n<table width=\"332\">\n<tbody>\n<tr>\n<td width=\"118\">Malzeme<\/td>\n<td width=\"8\">:<\/td>\n<td width=\"206\">PPC<\/td>\n<\/tr>\n<tr>\n<td>Reflekt\u00f6r Say\u0131s\u0131<\/td>\n<td>:<\/td>\n<td>4<\/td>\n<\/tr>\n<tr>\n<td>Reflekt\u00f6r Tipi<\/td>\n<td>:<\/td>\n<td>Kedi G\u00f6z\u00fc<\/td>\n<\/tr>\n<tr>\n<td>Geni\u015flik<\/td>\n<td>:<\/td>\n<td>13 cm<\/td>\n<\/tr>\n<tr>\n<td>Uzunluk<\/td>\n<td>:<\/td>\n<td>15 cm<\/td>\n<\/tr>\n<tr>\n<td>Y\u00fckseklik<\/td>\n<td>:<\/td>\n<td>3 cm<\/td>\n<\/tr>\n<tr>\n<td>A\u011f\u0131rl\u0131k<\/td>\n<td>:<\/td>\n<td>180 gr \u00b1 10 gr<\/td>\n<\/tr>\n<tr>\n<td>Renk<\/td>\n<td>:<\/td>\n<td>Sar\u0131<\/td>\n<\/tr>\n<tr>\n<td>Montaj<\/td>\n<td>:<\/td>\n<td>4 D\u00fcbel , 4 Vida<\/td>\n<\/tr>\n<\/tbody>\n<\/table>\n","protected":false},"excerpt":{"rendered":"<p>MFK 5120 TEKN\u0130K \u00d6ZELL\u0130KLER Malzeme : PPC Reflekt\u00f6r Say\u0131s\u0131 : 4 Reflekt\u00f6r Tipi : Kedi G\u00f6z\u00fc Geni\u015flik : 13 cm Uzunluk : 15 cm Y\u00fckseklik&#8230;<\/p>\n","protected":false},"featured_media":6238,"comment_status":"open","ping_status":"closed","template":"","meta":[],"product_cat":[84,70],"product_tag":[],"_links":{"self":[{"href":"https:\/\/ozturkiselbiseleri.com\/index.php?rest_route=\/wp\/v2\/product\/6237"}],"collection":[{"href":"https:\/\/ozturkiselbiseleri.com\/index.php?rest_route=\/wp\/v2\/product"}],"about":[{"href":"https:\/\/ozturkiselbiseleri.com\/index.php?rest_route=\/wp\/v2\/types\/product"}],"replies":[{"embeddable":true,"href":"https:\/\/ozturkiselbiseleri.com\/index.php?rest_route=%2Fwp%2Fv2%2Fcomments&post=6237"}],"wp:featuredmedia":[{"embeddable":true,"href":"https:\/\/ozturkiselbiseleri.com\/index.php?rest_route=\/wp\/v2\/media\/6238"}],"wp:attachment":[{"href":"https:\/\/ozturkiselbiseleri.com\/index.php?rest_route=%2Fwp%2Fv2%2Fmedia&parent=6237"}],"wp:term":[{"taxonomy":"product_cat","embeddable":true,"href":"https:\/\/ozturkiselbiseleri.com\/index.php?rest_route=%2Fwp%2Fv2%2Fproduct_cat&post=6237"},{"taxonomy":"product_tag","embeddable":true,"href":"https:\/\/ozturkiselbiseleri.com\/index.php?rest_route=%2Fwp%2Fv2%2Fproduct_tag&post=6237"}],"curies":[{"name":"wp","href":"https:\/\/api.w.org\/{rel}","templated":true}]}}