{"id":6247,"date":"2024-01-29T13:01:31","date_gmt":"2024-01-29T10:01:31","guid":{"rendered":"https:\/\/ozturkiselbiseleri.com\/?post_type=product&#038;p=6247"},"modified":"2024-01-29T13:01:31","modified_gmt":"2024-01-29T10:01:31","slug":"mfk-5150-sari-solar-yol-butonu","status":"publish","type":"product","link":"https:\/\/ozturkiselbiseleri.com\/?product=mfk-5150-sari-solar-yol-butonu","title":{"rendered":"MFK 5150 SARI SOLAR YOL BUTONU"},"content":{"rendered":"<h2>MFK 5150 TEKN\u0130K \u00d6ZELL\u0130KLER<\/h2>\n<table width=\"312\">\n<tbody>\n<tr>\n<td width=\"98\">Malzeme<\/td>\n<td width=\"8\">:<\/td>\n<td width=\"206\">AL , PC<\/td>\n<\/tr>\n<tr>\n<td>Solar H\u00fccre<\/td>\n<td>:<\/td>\n<td>4,5 x 6 cm<\/td>\n<\/tr>\n<tr>\n<td>Fla\u015f\u00f6r<\/td>\n<td>:<\/td>\n<td>6 LED<\/td>\n<\/tr>\n<tr>\n<td>Geni\u015flik<\/td>\n<td>:<\/td>\n<td>12 cm<\/td>\n<\/tr>\n<tr>\n<td>Uzunluk<\/td>\n<td>:<\/td>\n<td>15 cm<\/td>\n<\/tr>\n<tr>\n<td>Y\u00fckseklik<\/td>\n<td>:<\/td>\n<td>2,8 cm<\/td>\n<\/tr>\n<tr>\n<td>A\u011f\u0131rl\u0131k<\/td>\n<td>:<\/td>\n<td>400 gr \u00b1 20 gr<\/td>\n<\/tr>\n<tr>\n<td>Renk<\/td>\n<td>:<\/td>\n<td>Gri<\/td>\n<\/tr>\n<tr>\n<td>Montaj<\/td>\n<td>:<\/td>\n<td>2 D\u00fcbel, 2 Vida<\/td>\n<\/tr>\n<\/tbody>\n<\/table>\n","protected":false},"excerpt":{"rendered":"<p>MFK 5150 TEKN\u0130K \u00d6ZELL\u0130KLER Malzeme : AL , PC Solar H\u00fccre : 4,5 x 6 cm Fla\u015f\u00f6r : 6 LED Geni\u015flik : 12 cm Uzunluk&#8230;<\/p>\n","protected":false},"featured_media":6248,"comment_status":"open","ping_status":"closed","template":"","meta":[],"product_cat":[84,70],"product_tag":[],"_links":{"self":[{"href":"https:\/\/ozturkiselbiseleri.com\/index.php?rest_route=\/wp\/v2\/product\/6247"}],"collection":[{"href":"https:\/\/ozturkiselbiseleri.com\/index.php?rest_route=\/wp\/v2\/product"}],"about":[{"href":"https:\/\/ozturkiselbiseleri.com\/index.php?rest_route=\/wp\/v2\/types\/product"}],"replies":[{"embeddable":true,"href":"https:\/\/ozturkiselbiseleri.com\/index.php?rest_route=%2Fwp%2Fv2%2Fcomments&post=6247"}],"wp:featuredmedia":[{"embeddable":true,"href":"https:\/\/ozturkiselbiseleri.com\/index.php?rest_route=\/wp\/v2\/media\/6248"}],"wp:attachment":[{"href":"https:\/\/ozturkiselbiseleri.com\/index.php?rest_route=%2Fwp%2Fv2%2Fmedia&parent=6247"}],"wp:term":[{"taxonomy":"product_cat","embeddable":true,"href":"https:\/\/ozturkiselbiseleri.com\/index.php?rest_route=%2Fwp%2Fv2%2Fproduct_cat&post=6247"},{"taxonomy":"product_tag","embeddable":true,"href":"https:\/\/ozturkiselbiseleri.com\/index.php?rest_route=%2Fwp%2Fv2%2Fproduct_tag&post=6247"}],"curies":[{"name":"wp","href":"https:\/\/api.w.org\/{rel}","templated":true}]}}