{"id":6253,"date":"2024-01-29T13:03:17","date_gmt":"2024-01-29T10:03:17","guid":{"rendered":"https:\/\/ozturkiselbiseleri.com\/?post_type=product&#038;p=6253"},"modified":"2024-01-29T13:03:17","modified_gmt":"2024-01-29T10:03:17","slug":"mfk-5160-metal-yol-butonu","status":"publish","type":"product","link":"https:\/\/ozturkiselbiseleri.com\/?product=mfk-5160-metal-yol-butonu","title":{"rendered":"MFK 5160 METAL YOL BUTONU"},"content":{"rendered":"<h2>MFK 5160 TEKN\u0130K \u00d6ZELL\u0130KLER<\/h2>\n<table width=\"327\">\n<tbody>\n<tr>\n<td width=\"113\">Malzeme<\/td>\n<td width=\"8\">:<\/td>\n<td width=\"206\">AL<\/td>\n<\/tr>\n<tr>\n<td>Reflektif Say\u0131s\u0131<\/td>\n<td>:<\/td>\n<td>4<\/td>\n<\/tr>\n<tr>\n<td>Reflektif Tipi<\/td>\n<td>:<\/td>\n<td>Cam Mercekler<\/td>\n<\/tr>\n<tr>\n<td>Geni\u015flik<\/td>\n<td>:<\/td>\n<td>12 cm<\/td>\n<\/tr>\n<tr>\n<td>Uzunluk<\/td>\n<td>:<\/td>\n<td>12 cm<\/td>\n<\/tr>\n<tr>\n<td>Y\u00fckseklik<\/td>\n<td>:<\/td>\n<td>2,8 cm<\/td>\n<\/tr>\n<tr>\n<td>A\u011f\u0131rl\u0131k<\/td>\n<td>:<\/td>\n<td>350 gr \u00b1 30 gr<\/td>\n<\/tr>\n<tr>\n<td>Renk<\/td>\n<td>:<\/td>\n<td>Gri<\/td>\n<\/tr>\n<tr>\n<td>Montaj<\/td>\n<td>:<\/td>\n<td>2 D\u00fcbel 2 Vida<\/td>\n<\/tr>\n<\/tbody>\n<\/table>\n","protected":false},"excerpt":{"rendered":"<p>MFK 5160 TEKN\u0130K \u00d6ZELL\u0130KLER Malzeme : AL Reflektif Say\u0131s\u0131 : 4 Reflektif Tipi : Cam Mercekler Geni\u015flik : 12 cm Uzunluk : 12 cm Y\u00fckseklik&#8230;<\/p>\n","protected":false},"featured_media":6254,"comment_status":"open","ping_status":"closed","template":"","meta":[],"product_cat":[84,70],"product_tag":[],"_links":{"self":[{"href":"https:\/\/ozturkiselbiseleri.com\/index.php?rest_route=\/wp\/v2\/product\/6253"}],"collection":[{"href":"https:\/\/ozturkiselbiseleri.com\/index.php?rest_route=\/wp\/v2\/product"}],"about":[{"href":"https:\/\/ozturkiselbiseleri.com\/index.php?rest_route=\/wp\/v2\/types\/product"}],"replies":[{"embeddable":true,"href":"https:\/\/ozturkiselbiseleri.com\/index.php?rest_route=%2Fwp%2Fv2%2Fcomments&post=6253"}],"wp:featuredmedia":[{"embeddable":true,"href":"https:\/\/ozturkiselbiseleri.com\/index.php?rest_route=\/wp\/v2\/media\/6254"}],"wp:attachment":[{"href":"https:\/\/ozturkiselbiseleri.com\/index.php?rest_route=%2Fwp%2Fv2%2Fmedia&parent=6253"}],"wp:term":[{"taxonomy":"product_cat","embeddable":true,"href":"https:\/\/ozturkiselbiseleri.com\/index.php?rest_route=%2Fwp%2Fv2%2Fproduct_cat&post=6253"},{"taxonomy":"product_tag","embeddable":true,"href":"https:\/\/ozturkiselbiseleri.com\/index.php?rest_route=%2Fwp%2Fv2%2Fproduct_tag&post=6253"}],"curies":[{"name":"wp","href":"https:\/\/api.w.org\/{rel}","templated":true}]}}