{"id":6264,"date":"2024-01-29T13:06:32","date_gmt":"2024-01-29T10:06:32","guid":{"rendered":"https:\/\/ozturkiselbiseleri.com\/?post_type=product&#038;p=6264"},"modified":"2024-01-29T13:06:32","modified_gmt":"2024-01-29T10:06:32","slug":"mfk-5201-oval-yol-kasis-basligi","status":"publish","type":"product","link":"https:\/\/ozturkiselbiseleri.com\/?product=mfk-5201-oval-yol-kasis-basligi","title":{"rendered":"MFK 5201 OVAL YOL KAS\u0130S BA\u015eLI\u011eI"},"content":{"rendered":"<h2>MFK 5201 TEKN\u0130K \u00d6ZELL\u0130KLER<\/h2>\n<p>Malzeme : PPC<\/p>\n<p>\u00d6l\u00e7\u00fcler : 100x300x40 mm<\/p>\n<p>Renk : Sar\u0131<\/p>\n<p>A\u011f\u0131rl\u0131k : 200 gr<\/p>\n","protected":false},"excerpt":{"rendered":"<p>MFK 5201 TEKN\u0130K \u00d6ZELL\u0130KLER Malzeme : PPC \u00d6l\u00e7\u00fcler : 100x300x40 mm Renk : Sar\u0131 A\u011f\u0131rl\u0131k : 200 gr<\/p>\n","protected":false},"featured_media":6265,"comment_status":"open","ping_status":"closed","template":"","meta":[],"product_cat":[84,70],"product_tag":[],"_links":{"self":[{"href":"https:\/\/ozturkiselbiseleri.com\/index.php?rest_route=\/wp\/v2\/product\/6264"}],"collection":[{"href":"https:\/\/ozturkiselbiseleri.com\/index.php?rest_route=\/wp\/v2\/product"}],"about":[{"href":"https:\/\/ozturkiselbiseleri.com\/index.php?rest_route=\/wp\/v2\/types\/product"}],"replies":[{"embeddable":true,"href":"https:\/\/ozturkiselbiseleri.com\/index.php?rest_route=%2Fwp%2Fv2%2Fcomments&post=6264"}],"wp:featuredmedia":[{"embeddable":true,"href":"https:\/\/ozturkiselbiseleri.com\/index.php?rest_route=\/wp\/v2\/media\/6265"}],"wp:attachment":[{"href":"https:\/\/ozturkiselbiseleri.com\/index.php?rest_route=%2Fwp%2Fv2%2Fmedia&parent=6264"}],"wp:term":[{"taxonomy":"product_cat","embeddable":true,"href":"https:\/\/ozturkiselbiseleri.com\/index.php?rest_route=%2Fwp%2Fv2%2Fproduct_cat&post=6264"},{"taxonomy":"product_tag","embeddable":true,"href":"https:\/\/ozturkiselbiseleri.com\/index.php?rest_route=%2Fwp%2Fv2%2Fproduct_tag&post=6264"}],"curies":[{"name":"wp","href":"https:\/\/api.w.org\/{rel}","templated":true}]}}