{"id":6294,"date":"2024-01-29T13:16:11","date_gmt":"2024-01-29T10:16:11","guid":{"rendered":"https:\/\/ozturkiselbiseleri.com\/?post_type=product&#038;p=6294"},"modified":"2024-01-29T13:16:11","modified_gmt":"2024-01-29T10:16:11","slug":"mfk-5456-kasis-basligi-40-x-25-cm","status":"publish","type":"product","link":"https:\/\/ozturkiselbiseleri.com\/?product=mfk-5456-kasis-basligi-40-x-25-cm","title":{"rendered":"MFK 5456 KAS\u0130S BA\u015eLI\u011eI 40 x 25 CM"},"content":{"rendered":"<h2>MFK 5456 TEKN\u0130K \u00d6ZELL\u0130KLER<\/h2>\n<p>Malzeme : Kau\u00e7uk<\/p>\n<p>\u00d6l\u00e7\u00fcler :\u00a0400 x 250 x 50 mm<\/p>\n<p>Renk : Sar\u0131-Siyah<\/p>\n<p>A\u011f\u0131rl\u0131k : 2,30 kg<\/p>\n","protected":false},"excerpt":{"rendered":"<p>MFK 5456 TEKN\u0130K \u00d6ZELL\u0130KLER Malzeme : Kau\u00e7uk \u00d6l\u00e7\u00fcler :\u00a0400 x 250 x 50 mm Renk : Sar\u0131-Siyah A\u011f\u0131rl\u0131k : 2,30 kg<\/p>\n","protected":false},"featured_media":6295,"comment_status":"open","ping_status":"closed","template":"","meta":[],"product_cat":[84,70],"product_tag":[],"_links":{"self":[{"href":"https:\/\/ozturkiselbiseleri.com\/index.php?rest_route=\/wp\/v2\/product\/6294"}],"collection":[{"href":"https:\/\/ozturkiselbiseleri.com\/index.php?rest_route=\/wp\/v2\/product"}],"about":[{"href":"https:\/\/ozturkiselbiseleri.com\/index.php?rest_route=\/wp\/v2\/types\/product"}],"replies":[{"embeddable":true,"href":"https:\/\/ozturkiselbiseleri.com\/index.php?rest_route=%2Fwp%2Fv2%2Fcomments&post=6294"}],"wp:featuredmedia":[{"embeddable":true,"href":"https:\/\/ozturkiselbiseleri.com\/index.php?rest_route=\/wp\/v2\/media\/6295"}],"wp:attachment":[{"href":"https:\/\/ozturkiselbiseleri.com\/index.php?rest_route=%2Fwp%2Fv2%2Fmedia&parent=6294"}],"wp:term":[{"taxonomy":"product_cat","embeddable":true,"href":"https:\/\/ozturkiselbiseleri.com\/index.php?rest_route=%2Fwp%2Fv2%2Fproduct_cat&post=6294"},{"taxonomy":"product_tag","embeddable":true,"href":"https:\/\/ozturkiselbiseleri.com\/index.php?rest_route=%2Fwp%2Fv2%2Fproduct_tag&post=6294"}],"curies":[{"name":"wp","href":"https:\/\/api.w.org\/{rel}","templated":true}]}}