{"id":6310,"date":"2024-01-29T13:22:41","date_gmt":"2024-01-29T10:22:41","guid":{"rendered":"https:\/\/ozturkiselbiseleri.com\/?post_type=product&#038;p=6310"},"modified":"2024-01-29T13:22:41","modified_gmt":"2024-01-29T10:22:41","slug":"mfk-5591-kasis-basligi-90-x-25-cm","status":"publish","type":"product","link":"https:\/\/ozturkiselbiseleri.com\/?product=mfk-5591-kasis-basligi-90-x-25-cm","title":{"rendered":"MFK 5591 KAS\u0130S BA\u015eLI\u011eI 90 x 25 CM"},"content":{"rendered":"<h2>MFK 5591 TEKN\u0130K \u00d6ZELL\u0130KLER<\/h2>\n<p>Malzeme : NR\/SBR (Y\u00fcksek Mukavemetli Kau\u00e7uk)<\/p>\n<p>\u00d6l\u00e7\u00fcler : 900x250x45 mm<\/p>\n<p>Renk : Siyah<\/p>\n<p>A\u011f\u0131rl\u0131k : 3,5 Kg \u00b1 0,1 kg<\/p>\n","protected":false},"excerpt":{"rendered":"<p>MFK 5591 TEKN\u0130K \u00d6ZELL\u0130KLER Malzeme : NR\/SBR (Y\u00fcksek Mukavemetli Kau\u00e7uk) \u00d6l\u00e7\u00fcler : 900x250x45 mm Renk : Siyah A\u011f\u0131rl\u0131k : 3,5 Kg \u00b1 0,1 kg<\/p>\n","protected":false},"featured_media":6311,"comment_status":"open","ping_status":"closed","template":"","meta":[],"product_cat":[84,70],"product_tag":[],"_links":{"self":[{"href":"https:\/\/ozturkiselbiseleri.com\/index.php?rest_route=\/wp\/v2\/product\/6310"}],"collection":[{"href":"https:\/\/ozturkiselbiseleri.com\/index.php?rest_route=\/wp\/v2\/product"}],"about":[{"href":"https:\/\/ozturkiselbiseleri.com\/index.php?rest_route=\/wp\/v2\/types\/product"}],"replies":[{"embeddable":true,"href":"https:\/\/ozturkiselbiseleri.com\/index.php?rest_route=%2Fwp%2Fv2%2Fcomments&post=6310"}],"wp:featuredmedia":[{"embeddable":true,"href":"https:\/\/ozturkiselbiseleri.com\/index.php?rest_route=\/wp\/v2\/media\/6311"}],"wp:attachment":[{"href":"https:\/\/ozturkiselbiseleri.com\/index.php?rest_route=%2Fwp%2Fv2%2Fmedia&parent=6310"}],"wp:term":[{"taxonomy":"product_cat","embeddable":true,"href":"https:\/\/ozturkiselbiseleri.com\/index.php?rest_route=%2Fwp%2Fv2%2Fproduct_cat&post=6310"},{"taxonomy":"product_tag","embeddable":true,"href":"https:\/\/ozturkiselbiseleri.com\/index.php?rest_route=%2Fwp%2Fv2%2Fproduct_tag&post=6310"}],"curies":[{"name":"wp","href":"https:\/\/api.w.org\/{rel}","templated":true}]}}