{"id":6312,"date":"2024-01-29T13:23:28","date_gmt":"2024-01-29T10:23:28","guid":{"rendered":"https:\/\/ozturkiselbiseleri.com\/?post_type=product&#038;p=6312"},"modified":"2024-01-29T13:23:28","modified_gmt":"2024-01-29T10:23:28","slug":"mfk-5650-reflektorlu-kaucuk-kasis-60-x-50-cm","status":"publish","type":"product","link":"https:\/\/ozturkiselbiseleri.com\/?product=mfk-5650-reflektorlu-kaucuk-kasis-60-x-50-cm","title":{"rendered":"MFK 5650 REFLEKT\u00d6RL\u00dc KAU\u00c7UK KAS\u0130S 60 x 50 CM"},"content":{"rendered":"<h2>MFK 5650 TEKN\u0130K \u00d6ZELL\u0130KLER<\/h2>\n<table width=\"301\">\n<tbody>\n<tr>\n<td width=\"110\">Malzeme<\/td>\n<td width=\"12\">:<\/td>\n<td width=\"179\">NR, SBR<\/td>\n<\/tr>\n<tr>\n<td>Reflektif Say\u0131s\u0131<\/td>\n<td>:<\/td>\n<td>6<\/td>\n<\/tr>\n<tr>\n<td>Reflektif Tipi<\/td>\n<td>:<\/td>\n<td>Plastik Bant<\/td>\n<\/tr>\n<tr>\n<td>Geni\u015flik<\/td>\n<td>:<\/td>\n<td>60 cm<\/td>\n<\/tr>\n<tr>\n<td>Uzunluk<\/td>\n<td>:<\/td>\n<td>50 cm<\/td>\n<\/tr>\n<tr>\n<td>Y\u00fckseklik<\/td>\n<td>:<\/td>\n<td>4,5 cm<\/td>\n<\/tr>\n<tr>\n<td>A\u011f\u0131rl\u0131k<\/td>\n<td>:<\/td>\n<td>9500 gr \u00b1 500 gr<\/td>\n<\/tr>\n<tr>\n<td>Renk<\/td>\n<td>:<\/td>\n<td>Siyah<\/td>\n<\/tr>\n<tr>\n<td>Montaj<\/td>\n<td>:<\/td>\n<td>6 D\u00fcbel, 6 Vida<\/td>\n<\/tr>\n<\/tbody>\n<\/table>\n","protected":false},"excerpt":{"rendered":"<p>MFK 5650 TEKN\u0130K \u00d6ZELL\u0130KLER Malzeme : NR, SBR Reflektif Say\u0131s\u0131 : 6 Reflektif Tipi : Plastik Bant Geni\u015flik : 60 cm Uzunluk : 50 cm&#8230;<\/p>\n","protected":false},"featured_media":6313,"comment_status":"open","ping_status":"closed","template":"","meta":[],"product_cat":[84,70],"product_tag":[],"_links":{"self":[{"href":"https:\/\/ozturkiselbiseleri.com\/index.php?rest_route=\/wp\/v2\/product\/6312"}],"collection":[{"href":"https:\/\/ozturkiselbiseleri.com\/index.php?rest_route=\/wp\/v2\/product"}],"about":[{"href":"https:\/\/ozturkiselbiseleri.com\/index.php?rest_route=\/wp\/v2\/types\/product"}],"replies":[{"embeddable":true,"href":"https:\/\/ozturkiselbiseleri.com\/index.php?rest_route=%2Fwp%2Fv2%2Fcomments&post=6312"}],"wp:featuredmedia":[{"embeddable":true,"href":"https:\/\/ozturkiselbiseleri.com\/index.php?rest_route=\/wp\/v2\/media\/6313"}],"wp:attachment":[{"href":"https:\/\/ozturkiselbiseleri.com\/index.php?rest_route=%2Fwp%2Fv2%2Fmedia&parent=6312"}],"wp:term":[{"taxonomy":"product_cat","embeddable":true,"href":"https:\/\/ozturkiselbiseleri.com\/index.php?rest_route=%2Fwp%2Fv2%2Fproduct_cat&post=6312"},{"taxonomy":"product_tag","embeddable":true,"href":"https:\/\/ozturkiselbiseleri.com\/index.php?rest_route=%2Fwp%2Fv2%2Fproduct_tag&post=6312"}],"curies":[{"name":"wp","href":"https:\/\/api.w.org\/{rel}","templated":true}]}}