{"id":6328,"date":"2024-01-29T13:27:48","date_gmt":"2024-01-29T10:27:48","guid":{"rendered":"https:\/\/ozturkiselbiseleri.com\/?post_type=product&#038;p=6328"},"modified":"2024-01-29T13:27:48","modified_gmt":"2024-01-29T10:27:48","slug":"mfk-5825-kablo-koruyucu-kasis-2-kanal","status":"publish","type":"product","link":"https:\/\/ozturkiselbiseleri.com\/?product=mfk-5825-kablo-koruyucu-kasis-2-kanal","title":{"rendered":"MFK 5825 KABLO KORUYUCU KAS\u0130S (2 KANAL)"},"content":{"rendered":"<h2>MFK 5825 TEKN\u0130K \u00d6ZELL\u0130KLER<\/h2>\n<table width=\"313\">\n<tbody>\n<tr>\n<td width=\"122\">Malzeme<\/td>\n<td width=\"12\">:<\/td>\n<td width=\"179\">NR, SBR, PPC<\/td>\n<\/tr>\n<tr>\n<td>Kanal Say\u0131s\u0131<\/td>\n<td>:<\/td>\n<td>2<\/td>\n<\/tr>\n<tr>\n<td>Kanal Derinli\u011fi<\/td>\n<td>:<\/td>\n<td>3&#215;3 cm<\/td>\n<\/tr>\n<tr>\n<td>Geni\u015flik<\/td>\n<td>:<\/td>\n<td>25 cm<\/td>\n<\/tr>\n<tr>\n<td>Uzunluk<\/td>\n<td>:<\/td>\n<td>100 cm<\/td>\n<\/tr>\n<tr>\n<td>Y\u00fckseklik<\/td>\n<td>:<\/td>\n<td>5 cm<\/td>\n<\/tr>\n<tr>\n<td>A\u011f\u0131rl\u0131k<\/td>\n<td>:<\/td>\n<td>8000 gr \u00b1 500 gr<\/td>\n<\/tr>\n<tr>\n<td>Renk<\/td>\n<td>:<\/td>\n<td>Siyah , Sar\u0131<\/td>\n<\/tr>\n<tr>\n<td>Montaj<\/td>\n<td>:<\/td>\n<td>Kendinden Kilitli<\/td>\n<\/tr>\n<\/tbody>\n<\/table>\n","protected":false},"excerpt":{"rendered":"<p>MFK 5825 TEKN\u0130K \u00d6ZELL\u0130KLER Malzeme : NR, SBR, PPC Kanal Say\u0131s\u0131 : 2 Kanal Derinli\u011fi : 3&#215;3 cm Geni\u015flik : 25 cm Uzunluk : 100&#8230;<\/p>\n","protected":false},"featured_media":6329,"comment_status":"open","ping_status":"closed","template":"","meta":[],"product_cat":[84,70],"product_tag":[],"_links":{"self":[{"href":"https:\/\/ozturkiselbiseleri.com\/index.php?rest_route=\/wp\/v2\/product\/6328"}],"collection":[{"href":"https:\/\/ozturkiselbiseleri.com\/index.php?rest_route=\/wp\/v2\/product"}],"about":[{"href":"https:\/\/ozturkiselbiseleri.com\/index.php?rest_route=\/wp\/v2\/types\/product"}],"replies":[{"embeddable":true,"href":"https:\/\/ozturkiselbiseleri.com\/index.php?rest_route=%2Fwp%2Fv2%2Fcomments&post=6328"}],"wp:featuredmedia":[{"embeddable":true,"href":"https:\/\/ozturkiselbiseleri.com\/index.php?rest_route=\/wp\/v2\/media\/6329"}],"wp:attachment":[{"href":"https:\/\/ozturkiselbiseleri.com\/index.php?rest_route=%2Fwp%2Fv2%2Fmedia&parent=6328"}],"wp:term":[{"taxonomy":"product_cat","embeddable":true,"href":"https:\/\/ozturkiselbiseleri.com\/index.php?rest_route=%2Fwp%2Fv2%2Fproduct_cat&post=6328"},{"taxonomy":"product_tag","embeddable":true,"href":"https:\/\/ozturkiselbiseleri.com\/index.php?rest_route=%2Fwp%2Fv2%2Fproduct_tag&post=6328"}],"curies":[{"name":"wp","href":"https:\/\/api.w.org\/{rel}","templated":true}]}}