{"id":6332,"date":"2024-01-29T13:29:18","date_gmt":"2024-01-29T10:29:18","guid":{"rendered":"https:\/\/ozturkiselbiseleri.com\/?post_type=product&#038;p=6332"},"modified":"2024-01-29T13:29:18","modified_gmt":"2024-01-29T10:29:18","slug":"mfk-5855-kablo-koruyucu-kasis-5-kanal","status":"publish","type":"product","link":"https:\/\/ozturkiselbiseleri.com\/?product=mfk-5855-kablo-koruyucu-kasis-5-kanal","title":{"rendered":"MFK 5855 KABLO KORUYUCU KAS\u0130S (5 KANAL)"},"content":{"rendered":"<h2>MFK 5855 TEKN\u0130K \u00d6ZELL\u0130KLER<\/h2>\n<table width=\"313\">\n<tbody>\n<tr>\n<td width=\"122\">Malzeme<\/td>\n<td width=\"12\">:<\/td>\n<td width=\"179\">NR, SBR, PPC<\/td>\n<\/tr>\n<tr>\n<td>Kanal say\u0131s\u0131<\/td>\n<td>:<\/td>\n<td>5<\/td>\n<\/tr>\n<tr>\n<td>Kanal Derinli\u011fi<\/td>\n<td>:<\/td>\n<td>3,5 x 3,5 cm<\/td>\n<\/tr>\n<tr>\n<td>Geni\u015flik<\/td>\n<td>:<\/td>\n<td>50 cm<\/td>\n<\/tr>\n<tr>\n<td>Uzunluk<\/td>\n<td>:<\/td>\n<td>90 cm<\/td>\n<\/tr>\n<tr>\n<td>Y\u00fckseklik<\/td>\n<td>:<\/td>\n<td>5,5 cm<\/td>\n<\/tr>\n<tr>\n<td>A\u011f\u0131rl\u0131k<\/td>\n<td>:<\/td>\n<td>17000 gr \u00b1 1000 gr<\/td>\n<\/tr>\n<tr>\n<td>Renk<\/td>\n<td>:<\/td>\n<td>Siyah , Sar\u0131<\/td>\n<\/tr>\n<tr>\n<td>Montaj<\/td>\n<td>:<\/td>\n<td>Kendinden Kilitli<\/td>\n<\/tr>\n<\/tbody>\n<\/table>\n","protected":false},"excerpt":{"rendered":"<p>MFK 5855 TEKN\u0130K \u00d6ZELL\u0130KLER Malzeme : NR, SBR, PPC Kanal say\u0131s\u0131 : 5 Kanal Derinli\u011fi : 3,5 x 3,5 cm Geni\u015flik : 50 cm Uzunluk&#8230;<\/p>\n","protected":false},"featured_media":6333,"comment_status":"open","ping_status":"closed","template":"","meta":[],"product_cat":[84,70],"product_tag":[],"_links":{"self":[{"href":"https:\/\/ozturkiselbiseleri.com\/index.php?rest_route=\/wp\/v2\/product\/6332"}],"collection":[{"href":"https:\/\/ozturkiselbiseleri.com\/index.php?rest_route=\/wp\/v2\/product"}],"about":[{"href":"https:\/\/ozturkiselbiseleri.com\/index.php?rest_route=\/wp\/v2\/types\/product"}],"replies":[{"embeddable":true,"href":"https:\/\/ozturkiselbiseleri.com\/index.php?rest_route=%2Fwp%2Fv2%2Fcomments&post=6332"}],"wp:featuredmedia":[{"embeddable":true,"href":"https:\/\/ozturkiselbiseleri.com\/index.php?rest_route=\/wp\/v2\/media\/6333"}],"wp:attachment":[{"href":"https:\/\/ozturkiselbiseleri.com\/index.php?rest_route=%2Fwp%2Fv2%2Fmedia&parent=6332"}],"wp:term":[{"taxonomy":"product_cat","embeddable":true,"href":"https:\/\/ozturkiselbiseleri.com\/index.php?rest_route=%2Fwp%2Fv2%2Fproduct_cat&post=6332"},{"taxonomy":"product_tag","embeddable":true,"href":"https:\/\/ozturkiselbiseleri.com\/index.php?rest_route=%2Fwp%2Fv2%2Fproduct_tag&post=6332"}],"curies":[{"name":"wp","href":"https:\/\/api.w.org\/{rel}","templated":true}]}}