{"id":6336,"date":"2024-01-29T13:31:34","date_gmt":"2024-01-29T10:31:34","guid":{"rendered":"https:\/\/ozturkiselbiseleri.com\/?post_type=product&#038;p=6336"},"modified":"2024-01-29T13:31:34","modified_gmt":"2024-01-29T10:31:34","slug":"mfk-6001-duz-kolon-kose-koruyucu","status":"publish","type":"product","link":"https:\/\/ozturkiselbiseleri.com\/?product=mfk-6001-duz-kolon-kose-koruyucu","title":{"rendered":"MFK 6001 D\u00dcZ KOLON K\u00d6\u015eE KORUYUCU"},"content":{"rendered":"<h2>MFK 6001 TEKN\u0130K \u00d6ZELL\u0130KLER<\/h2>\n<table width=\"313\">\n<tbody>\n<tr>\n<td width=\"122\">Malzeme<\/td>\n<td width=\"12\">:<\/td>\n<td width=\"179\">NR, SBR<\/td>\n<\/tr>\n<tr>\n<td>Reflektif Say\u0131s\u0131<\/td>\n<td>:<\/td>\n<td>4<\/td>\n<\/tr>\n<tr>\n<td>Reflektif Tipi<\/td>\n<td>:<\/td>\n<td>Petekli<\/td>\n<\/tr>\n<tr>\n<td>Geni\u015flik<\/td>\n<td>:<\/td>\n<td>10 cm<\/td>\n<\/tr>\n<tr>\n<td>Uzunluk<\/td>\n<td>:<\/td>\n<td>0,5 cm<\/td>\n<\/tr>\n<tr>\n<td>Y\u00fckseklik<\/td>\n<td>:<\/td>\n<td>80 cm<\/td>\n<\/tr>\n<tr>\n<td>A\u011f\u0131rl\u0131k<\/td>\n<td>:<\/td>\n<td>1900 gr \u00b1 250 gr<\/td>\n<\/tr>\n<tr>\n<td>Renk<\/td>\n<td>:<\/td>\n<td>Siyah<\/td>\n<\/tr>\n<tr>\n<td>Montaj<\/td>\n<td>:<\/td>\n<td>6 D\u00fcbel , 6 Vida<\/td>\n<\/tr>\n<\/tbody>\n<\/table>\n","protected":false},"excerpt":{"rendered":"<p>MFK 6001 TEKN\u0130K \u00d6ZELL\u0130KLER Malzeme : NR, SBR Reflektif Say\u0131s\u0131 : 4 Reflektif Tipi : Petekli Geni\u015flik : 10 cm Uzunluk : 0,5 cm Y\u00fckseklik&#8230;<\/p>\n","protected":false},"featured_media":6337,"comment_status":"open","ping_status":"closed","template":"","meta":[],"product_cat":[85,70],"product_tag":[],"_links":{"self":[{"href":"https:\/\/ozturkiselbiseleri.com\/index.php?rest_route=\/wp\/v2\/product\/6336"}],"collection":[{"href":"https:\/\/ozturkiselbiseleri.com\/index.php?rest_route=\/wp\/v2\/product"}],"about":[{"href":"https:\/\/ozturkiselbiseleri.com\/index.php?rest_route=\/wp\/v2\/types\/product"}],"replies":[{"embeddable":true,"href":"https:\/\/ozturkiselbiseleri.com\/index.php?rest_route=%2Fwp%2Fv2%2Fcomments&post=6336"}],"wp:featuredmedia":[{"embeddable":true,"href":"https:\/\/ozturkiselbiseleri.com\/index.php?rest_route=\/wp\/v2\/media\/6337"}],"wp:attachment":[{"href":"https:\/\/ozturkiselbiseleri.com\/index.php?rest_route=%2Fwp%2Fv2%2Fmedia&parent=6336"}],"wp:term":[{"taxonomy":"product_cat","embeddable":true,"href":"https:\/\/ozturkiselbiseleri.com\/index.php?rest_route=%2Fwp%2Fv2%2Fproduct_cat&post=6336"},{"taxonomy":"product_tag","embeddable":true,"href":"https:\/\/ozturkiselbiseleri.com\/index.php?rest_route=%2Fwp%2Fv2%2Fproduct_tag&post=6336"}],"curies":[{"name":"wp","href":"https:\/\/api.w.org\/{rel}","templated":true}]}}