{"id":6362,"date":"2024-01-29T13:39:22","date_gmt":"2024-01-29T10:39:22","guid":{"rendered":"https:\/\/ozturkiselbiseleri.com\/?post_type=product&#038;p=6362"},"modified":"2024-01-29T13:39:22","modified_gmt":"2024-01-29T10:39:22","slug":"mfk-6176-demir-arac-stoperi-o76-sar","status":"publish","type":"product","link":"https:\/\/ozturkiselbiseleri.com\/?product=mfk-6176-demir-arac-stoperi-o76-sar","title":{"rendered":"MFK 6176 DEM\u0130R ARA\u00c7 STOPER\u0130 \u00d876 SAR"},"content":{"rendered":"<h2>MFK 6176 TEKN\u0130K \u00d6ZELL\u0130KLER<\/h2>\n<table width=\"308\">\n<tbody>\n<tr>\n<td width=\"117\">Malzeme<\/td>\n<td width=\"12\">:<\/td>\n<td width=\"179\">Demir<\/td>\n<\/tr>\n<tr>\n<td>Reflektif Say\u0131s\u0131<\/td>\n<td>:<\/td>\n<td>3<\/td>\n<\/tr>\n<tr>\n<td>Reflektif Tipi<\/td>\n<td>:<\/td>\n<td>Petekli<\/td>\n<\/tr>\n<tr>\n<td>\u00c7ap<\/td>\n<td>:<\/td>\n<td>76 \u00d8, 2mm<\/td>\n<\/tr>\n<tr>\n<td>Uzunluk<\/td>\n<td>:<\/td>\n<td>180 cm<\/td>\n<\/tr>\n<tr>\n<td>Y\u00fckseklik<\/td>\n<td>:<\/td>\n<td>13 cm<\/td>\n<\/tr>\n<tr>\n<td>A\u011f\u0131rl\u0131k<\/td>\n<td>:<\/td>\n<td>8000 gr \u00b1 500 gr<\/td>\n<\/tr>\n<tr>\n<td>Renk<\/td>\n<td>:<\/td>\n<td>Sar\u0131<\/td>\n<\/tr>\n<tr>\n<td>Montaj<\/td>\n<td>:<\/td>\n<td>6 D\u00fcbel , 6 Vida<\/td>\n<\/tr>\n<\/tbody>\n<\/table>\n","protected":false},"excerpt":{"rendered":"<p>MFK 6176 TEKN\u0130K \u00d6ZELL\u0130KLER Malzeme : Demir Reflektif Say\u0131s\u0131 : 3 Reflektif Tipi : Petekli \u00c7ap : 76 \u00d8, 2mm Uzunluk : 180 cm Y\u00fckseklik&#8230;<\/p>\n","protected":false},"featured_media":6361,"comment_status":"open","ping_status":"closed","template":"","meta":[],"product_cat":[85,70],"product_tag":[],"_links":{"self":[{"href":"https:\/\/ozturkiselbiseleri.com\/index.php?rest_route=\/wp\/v2\/product\/6362"}],"collection":[{"href":"https:\/\/ozturkiselbiseleri.com\/index.php?rest_route=\/wp\/v2\/product"}],"about":[{"href":"https:\/\/ozturkiselbiseleri.com\/index.php?rest_route=\/wp\/v2\/types\/product"}],"replies":[{"embeddable":true,"href":"https:\/\/ozturkiselbiseleri.com\/index.php?rest_route=%2Fwp%2Fv2%2Fcomments&post=6362"}],"wp:featuredmedia":[{"embeddable":true,"href":"https:\/\/ozturkiselbiseleri.com\/index.php?rest_route=\/wp\/v2\/media\/6361"}],"wp:attachment":[{"href":"https:\/\/ozturkiselbiseleri.com\/index.php?rest_route=%2Fwp%2Fv2%2Fmedia&parent=6362"}],"wp:term":[{"taxonomy":"product_cat","embeddable":true,"href":"https:\/\/ozturkiselbiseleri.com\/index.php?rest_route=%2Fwp%2Fv2%2Fproduct_cat&post=6362"},{"taxonomy":"product_tag","embeddable":true,"href":"https:\/\/ozturkiselbiseleri.com\/index.php?rest_route=%2Fwp%2Fv2%2Fproduct_tag&post=6362"}],"curies":[{"name":"wp","href":"https:\/\/api.w.org\/{rel}","templated":true}]}}