{"id":6366,"date":"2024-01-29T13:40:28","date_gmt":"2024-01-29T10:40:28","guid":{"rendered":"https:\/\/ozturkiselbiseleri.com\/?post_type=product&#038;p=6366"},"modified":"2024-01-29T13:40:28","modified_gmt":"2024-01-29T10:40:28","slug":"mfk-6190-bisiklet-park-uclu","status":"publish","type":"product","link":"https:\/\/ozturkiselbiseleri.com\/?product=mfk-6190-bisiklet-park-uclu","title":{"rendered":"MFK 6190 B\u0130S\u0130KLET PARK (\u00dc\u00c7L\u00dc)"},"content":{"rendered":"","protected":false},"excerpt":{"rendered":"","protected":false},"featured_media":6365,"comment_status":"open","ping_status":"closed","template":"","meta":[],"product_cat":[85,70],"product_tag":[],"_links":{"self":[{"href":"https:\/\/ozturkiselbiseleri.com\/index.php?rest_route=\/wp\/v2\/product\/6366"}],"collection":[{"href":"https:\/\/ozturkiselbiseleri.com\/index.php?rest_route=\/wp\/v2\/product"}],"about":[{"href":"https:\/\/ozturkiselbiseleri.com\/index.php?rest_route=\/wp\/v2\/types\/product"}],"replies":[{"embeddable":true,"href":"https:\/\/ozturkiselbiseleri.com\/index.php?rest_route=%2Fwp%2Fv2%2Fcomments&post=6366"}],"wp:featuredmedia":[{"embeddable":true,"href":"https:\/\/ozturkiselbiseleri.com\/index.php?rest_route=\/wp\/v2\/media\/6365"}],"wp:attachment":[{"href":"https:\/\/ozturkiselbiseleri.com\/index.php?rest_route=%2Fwp%2Fv2%2Fmedia&parent=6366"}],"wp:term":[{"taxonomy":"product_cat","embeddable":true,"href":"https:\/\/ozturkiselbiseleri.com\/index.php?rest_route=%2Fwp%2Fv2%2Fproduct_cat&post=6366"},{"taxonomy":"product_tag","embeddable":true,"href":"https:\/\/ozturkiselbiseleri.com\/index.php?rest_route=%2Fwp%2Fv2%2Fproduct_tag&post=6366"}],"curies":[{"name":"wp","href":"https:\/\/api.w.org\/{rel}","templated":true}]}}