{"id":6372,"date":"2024-01-29T13:42:16","date_gmt":"2024-01-29T10:42:16","guid":{"rendered":"https:\/\/ozturkiselbiseleri.com\/?post_type=product&#038;p=6372"},"modified":"2024-01-29T13:42:16","modified_gmt":"2024-01-29T10:42:16","slug":"mfk-6200-kilitli-yatar-u-direk","status":"publish","type":"product","link":"https:\/\/ozturkiselbiseleri.com\/?product=mfk-6200-kilitli-yatar-u-direk","title":{"rendered":"MFK 6200 K\u0130L\u0130TL\u0130 YATAR U D\u0130REK"},"content":{"rendered":"<h2>MFK 6200 TEKN\u0130K \u00d6ZELL\u0130KLER<\/h2>\n<table width=\"309\">\n<tbody>\n<tr>\n<td width=\"94\">Malzeme<\/td>\n<td width=\"8\">:<\/td>\n<td width=\"207\">Demir<\/td>\n<\/tr>\n<tr>\n<td>Alt Uzunluk<\/td>\n<td>:<\/td>\n<td>40 cm<\/td>\n<\/tr>\n<tr>\n<td>\u00dcst \u00c7ap<\/td>\n<td>:<\/td>\n<td>5 cm<\/td>\n<\/tr>\n<tr>\n<td>Y\u00fckseklik<\/td>\n<td>:<\/td>\n<td>50 cm<\/td>\n<\/tr>\n<tr>\n<td>A\u011f\u0131rl\u0131k<\/td>\n<td>:<\/td>\n<td>3500 gr \u00b1 500 gr<\/td>\n<\/tr>\n<tr>\n<td>Boya<\/td>\n<td>:<\/td>\n<td>P\u00fcr\u00fczs\u00fcz Elektrostatik Boya<\/td>\n<\/tr>\n<tr>\n<td>Renk<\/td>\n<td>:<\/td>\n<td>Sar\u0131<\/td>\n<\/tr>\n<tr>\n<td>Montaj<\/td>\n<td>:<\/td>\n<td>1 D\u00fcbel , 1 Vida<\/td>\n<\/tr>\n<\/tbody>\n<\/table>\n","protected":false},"excerpt":{"rendered":"<p>MFK 6200 TEKN\u0130K \u00d6ZELL\u0130KLER Malzeme : Demir Alt Uzunluk : 40 cm \u00dcst \u00c7ap : 5 cm Y\u00fckseklik : 50 cm A\u011f\u0131rl\u0131k : 3500 gr&#8230;<\/p>\n","protected":false},"featured_media":6371,"comment_status":"open","ping_status":"closed","template":"","meta":[],"product_cat":[85,70],"product_tag":[],"_links":{"self":[{"href":"https:\/\/ozturkiselbiseleri.com\/index.php?rest_route=\/wp\/v2\/product\/6372"}],"collection":[{"href":"https:\/\/ozturkiselbiseleri.com\/index.php?rest_route=\/wp\/v2\/product"}],"about":[{"href":"https:\/\/ozturkiselbiseleri.com\/index.php?rest_route=\/wp\/v2\/types\/product"}],"replies":[{"embeddable":true,"href":"https:\/\/ozturkiselbiseleri.com\/index.php?rest_route=%2Fwp%2Fv2%2Fcomments&post=6372"}],"wp:featuredmedia":[{"embeddable":true,"href":"https:\/\/ozturkiselbiseleri.com\/index.php?rest_route=\/wp\/v2\/media\/6371"}],"wp:attachment":[{"href":"https:\/\/ozturkiselbiseleri.com\/index.php?rest_route=%2Fwp%2Fv2%2Fmedia&parent=6372"}],"wp:term":[{"taxonomy":"product_cat","embeddable":true,"href":"https:\/\/ozturkiselbiseleri.com\/index.php?rest_route=%2Fwp%2Fv2%2Fproduct_cat&post=6372"},{"taxonomy":"product_tag","embeddable":true,"href":"https:\/\/ozturkiselbiseleri.com\/index.php?rest_route=%2Fwp%2Fv2%2Fproduct_tag&post=6372"}],"curies":[{"name":"wp","href":"https:\/\/api.w.org\/{rel}","templated":true}]}}