{"id":6374,"date":"2024-01-29T13:42:43","date_gmt":"2024-01-29T10:42:43","guid":{"rendered":"https:\/\/ozturkiselbiseleri.com\/?post_type=product&#038;p=6374"},"modified":"2024-01-29T13:42:43","modified_gmt":"2024-01-29T10:42:43","slug":"mfk-6201-kendinden-kilitli-yatar-u-direk","status":"publish","type":"product","link":"https:\/\/ozturkiselbiseleri.com\/?product=mfk-6201-kendinden-kilitli-yatar-u-direk","title":{"rendered":"MFK 6201 KEND\u0130NDEN K\u0130L\u0130TL\u0130 YATAR U D\u0130REK"},"content":{"rendered":"","protected":false},"excerpt":{"rendered":"","protected":false},"featured_media":6373,"comment_status":"open","ping_status":"closed","template":"","meta":[],"product_cat":[85,70],"product_tag":[],"_links":{"self":[{"href":"https:\/\/ozturkiselbiseleri.com\/index.php?rest_route=\/wp\/v2\/product\/6374"}],"collection":[{"href":"https:\/\/ozturkiselbiseleri.com\/index.php?rest_route=\/wp\/v2\/product"}],"about":[{"href":"https:\/\/ozturkiselbiseleri.com\/index.php?rest_route=\/wp\/v2\/types\/product"}],"replies":[{"embeddable":true,"href":"https:\/\/ozturkiselbiseleri.com\/index.php?rest_route=%2Fwp%2Fv2%2Fcomments&post=6374"}],"wp:featuredmedia":[{"embeddable":true,"href":"https:\/\/ozturkiselbiseleri.com\/index.php?rest_route=\/wp\/v2\/media\/6373"}],"wp:attachment":[{"href":"https:\/\/ozturkiselbiseleri.com\/index.php?rest_route=%2Fwp%2Fv2%2Fmedia&parent=6374"}],"wp:term":[{"taxonomy":"product_cat","embeddable":true,"href":"https:\/\/ozturkiselbiseleri.com\/index.php?rest_route=%2Fwp%2Fv2%2Fproduct_cat&post=6374"},{"taxonomy":"product_tag","embeddable":true,"href":"https:\/\/ozturkiselbiseleri.com\/index.php?rest_route=%2Fwp%2Fv2%2Fproduct_tag&post=6374"}],"curies":[{"name":"wp","href":"https:\/\/api.w.org\/{rel}","templated":true}]}}