{"id":6376,"date":"2024-01-29T13:43:26","date_gmt":"2024-01-29T10:43:26","guid":{"rendered":"https:\/\/ozturkiselbiseleri.com\/?post_type=product&#038;p=6376"},"modified":"2024-01-29T13:43:57","modified_gmt":"2024-01-29T10:43:57","slug":"mfk-6210-kilitli-yatar-simit-direk","status":"publish","type":"product","link":"https:\/\/ozturkiselbiseleri.com\/?product=mfk-6210-kilitli-yatar-simit-direk","title":{"rendered":"MFK 6210 K\u0130L\u0130TL\u0130 YATAR S\u0130M\u0130T D\u0130REK"},"content":{"rendered":"","protected":false},"excerpt":{"rendered":"","protected":false},"featured_media":6375,"comment_status":"open","ping_status":"closed","template":"","meta":[],"product_cat":[15,85,70],"product_tag":[],"_links":{"self":[{"href":"https:\/\/ozturkiselbiseleri.com\/index.php?rest_route=\/wp\/v2\/product\/6376"}],"collection":[{"href":"https:\/\/ozturkiselbiseleri.com\/index.php?rest_route=\/wp\/v2\/product"}],"about":[{"href":"https:\/\/ozturkiselbiseleri.com\/index.php?rest_route=\/wp\/v2\/types\/product"}],"replies":[{"embeddable":true,"href":"https:\/\/ozturkiselbiseleri.com\/index.php?rest_route=%2Fwp%2Fv2%2Fcomments&post=6376"}],"wp:featuredmedia":[{"embeddable":true,"href":"https:\/\/ozturkiselbiseleri.com\/index.php?rest_route=\/wp\/v2\/media\/6375"}],"wp:attachment":[{"href":"https:\/\/ozturkiselbiseleri.com\/index.php?rest_route=%2Fwp%2Fv2%2Fmedia&parent=6376"}],"wp:term":[{"taxonomy":"product_cat","embeddable":true,"href":"https:\/\/ozturkiselbiseleri.com\/index.php?rest_route=%2Fwp%2Fv2%2Fproduct_cat&post=6376"},{"taxonomy":"product_tag","embeddable":true,"href":"https:\/\/ozturkiselbiseleri.com\/index.php?rest_route=%2Fwp%2Fv2%2Fproduct_tag&post=6376"}],"curies":[{"name":"wp","href":"https:\/\/api.w.org\/{rel}","templated":true}]}}