{"id":6401,"date":"2024-01-29T13:48:54","date_gmt":"2024-01-29T10:48:54","guid":{"rendered":"https:\/\/ozturkiselbiseleri.com\/?post_type=product&#038;p=6401"},"modified":"2024-01-29T13:48:54","modified_gmt":"2024-01-29T10:48:54","slug":"mfk-6250-kilitli-direk","status":"publish","type":"product","link":"https:\/\/ozturkiselbiseleri.com\/?product=mfk-6250-kilitli-direk","title":{"rendered":"MFK 6250 K\u0130L\u0130TL\u0130 D\u0130REK"},"content":{"rendered":"","protected":false},"excerpt":{"rendered":"","protected":false},"featured_media":6398,"comment_status":"open","ping_status":"closed","template":"","meta":[],"product_cat":[85,70],"product_tag":[],"_links":{"self":[{"href":"https:\/\/ozturkiselbiseleri.com\/index.php?rest_route=\/wp\/v2\/product\/6401"}],"collection":[{"href":"https:\/\/ozturkiselbiseleri.com\/index.php?rest_route=\/wp\/v2\/product"}],"about":[{"href":"https:\/\/ozturkiselbiseleri.com\/index.php?rest_route=\/wp\/v2\/types\/product"}],"replies":[{"embeddable":true,"href":"https:\/\/ozturkiselbiseleri.com\/index.php?rest_route=%2Fwp%2Fv2%2Fcomments&post=6401"}],"wp:featuredmedia":[{"embeddable":true,"href":"https:\/\/ozturkiselbiseleri.com\/index.php?rest_route=\/wp\/v2\/media\/6398"}],"wp:attachment":[{"href":"https:\/\/ozturkiselbiseleri.com\/index.php?rest_route=%2Fwp%2Fv2%2Fmedia&parent=6401"}],"wp:term":[{"taxonomy":"product_cat","embeddable":true,"href":"https:\/\/ozturkiselbiseleri.com\/index.php?rest_route=%2Fwp%2Fv2%2Fproduct_cat&post=6401"},{"taxonomy":"product_tag","embeddable":true,"href":"https:\/\/ozturkiselbiseleri.com\/index.php?rest_route=%2Fwp%2Fv2%2Fproduct_tag&post=6401"}],"curies":[{"name":"wp","href":"https:\/\/api.w.org\/{rel}","templated":true}]}}