{"id":6432,"date":"2024-01-29T14:07:39","date_gmt":"2024-01-29T11:07:39","guid":{"rendered":"https:\/\/ozturkiselbiseleri.com\/?post_type=product&#038;p=6432"},"modified":"2024-01-29T14:08:31","modified_gmt":"2024-01-29T11:08:31","slug":"mfk-6301-ctp-yol-kenar-dikmes","status":"publish","type":"product","link":"https:\/\/ozturkiselbiseleri.com\/?product=mfk-6301-ctp-yol-kenar-dikmes","title":{"rendered":"MFK 6301 CTP YOL KENAR D\u0130KMES"},"content":{"rendered":"<h2>MFK 6301 TEKN\u0130K \u00d6ZELL\u0130KLER<\/h2>\n<table width=\"294\">\n<tbody>\n<tr>\n<td width=\"79\">Malzeme<\/td>\n<td width=\"8\">:<\/td>\n<td width=\"207\">Cam Elyaf<\/td>\n<\/tr>\n<tr>\n<td>En<\/td>\n<td>:<\/td>\n<td>10 cm<\/td>\n<\/tr>\n<tr>\n<td>Y\u00fckseklik<\/td>\n<td>:<\/td>\n<td>130 cm<\/td>\n<\/tr>\n<tr>\n<td>A\u011f\u0131rl\u0131k<\/td>\n<td>:<\/td>\n<td>700 gr \u00b1 100 gr<\/td>\n<\/tr>\n<tr>\n<td>Renk<\/td>\n<td>:<\/td>\n<td>Beyaz<\/td>\n<\/tr>\n<tr>\n<td>Reflektif<\/td>\n<td>:<\/td>\n<td>2 Adet , Petekli<\/td>\n<\/tr>\n<tr>\n<td>Montaj<\/td>\n<td>:<\/td>\n<td>Topra\u011fa Dikili<\/td>\n<\/tr>\n<\/tbody>\n<\/table>\n","protected":false},"excerpt":{"rendered":"<p>MFK 6301 TEKN\u0130K \u00d6ZELL\u0130KLER Malzeme : Cam Elyaf En : 10 cm Y\u00fckseklik : 130 cm A\u011f\u0131rl\u0131k : 700 gr \u00b1 100 gr Renk :&#8230;<\/p>\n","protected":false},"featured_media":6433,"comment_status":"open","ping_status":"closed","template":"","meta":[],"product_cat":[86,70],"product_tag":[],"_links":{"self":[{"href":"https:\/\/ozturkiselbiseleri.com\/index.php?rest_route=\/wp\/v2\/product\/6432"}],"collection":[{"href":"https:\/\/ozturkiselbiseleri.com\/index.php?rest_route=\/wp\/v2\/product"}],"about":[{"href":"https:\/\/ozturkiselbiseleri.com\/index.php?rest_route=\/wp\/v2\/types\/product"}],"replies":[{"embeddable":true,"href":"https:\/\/ozturkiselbiseleri.com\/index.php?rest_route=%2Fwp%2Fv2%2Fcomments&post=6432"}],"wp:featuredmedia":[{"embeddable":true,"href":"https:\/\/ozturkiselbiseleri.com\/index.php?rest_route=\/wp\/v2\/media\/6433"}],"wp:attachment":[{"href":"https:\/\/ozturkiselbiseleri.com\/index.php?rest_route=%2Fwp%2Fv2%2Fmedia&parent=6432"}],"wp:term":[{"taxonomy":"product_cat","embeddable":true,"href":"https:\/\/ozturkiselbiseleri.com\/index.php?rest_route=%2Fwp%2Fv2%2Fproduct_cat&post=6432"},{"taxonomy":"product_tag","embeddable":true,"href":"https:\/\/ozturkiselbiseleri.com\/index.php?rest_route=%2Fwp%2Fv2%2Fproduct_tag&post=6432"}],"curies":[{"name":"wp","href":"https:\/\/api.w.org\/{rel}","templated":true}]}}