{"id":6439,"date":"2024-01-29T14:11:25","date_gmt":"2024-01-29T11:11:25","guid":{"rendered":"https:\/\/ozturkiselbiseleri.com\/?post_type=product&#038;p=6439"},"modified":"2024-01-29T14:11:25","modified_gmt":"2024-01-29T11:11:25","slug":"mfk-6303-sabit-direk","status":"publish","type":"product","link":"https:\/\/ozturkiselbiseleri.com\/?product=mfk-6303-sabit-direk","title":{"rendered":"MFK 6303 SAB\u0130T D\u0130REK"},"content":{"rendered":"<h2>MFK 6303 TEKN\u0130K \u00d6ZELL\u0130KLER<\/h2>\n<table width=\"307\">\n<tbody>\n<tr>\n<td width=\"92\">Malzeme<\/td>\n<td width=\"8\">:<\/td>\n<td width=\"207\">Demir<\/td>\n<\/tr>\n<tr>\n<td>Alt \u00c7ap<\/td>\n<td>:<\/td>\n<td>17 cm<\/td>\n<\/tr>\n<tr>\n<td>\u00dcst \u00c7ap<\/td>\n<td>:<\/td>\n<td>10 cm<\/td>\n<\/tr>\n<tr>\n<td>Y\u00fckseklik<\/td>\n<td>:<\/td>\n<td>75 cm<\/td>\n<\/tr>\n<tr>\n<td>A\u011f\u0131rl\u0131k<\/td>\n<td>:<\/td>\n<td>4000 gr \u00b1 500 gr<\/td>\n<\/tr>\n<tr>\n<td>Boya<\/td>\n<td>:<\/td>\n<td>P\u00fcr\u00fczs\u00fcz Elektrostatik Boya<\/td>\n<\/tr>\n<tr>\n<td>Renk<\/td>\n<td>:<\/td>\n<td>Ye\u015fil<\/td>\n<\/tr>\n<tr>\n<td>Reflektif<\/td>\n<td>:<\/td>\n<td>2 Adet , Petekli<\/td>\n<\/tr>\n<tr>\n<td>Montaj<\/td>\n<td>:<\/td>\n<td>3 D\u00fcbel , 3 Vida<\/td>\n<\/tr>\n<\/tbody>\n<\/table>\n","protected":false},"excerpt":{"rendered":"<p>MFK 6303 TEKN\u0130K \u00d6ZELL\u0130KLER Malzeme : Demir Alt \u00c7ap : 17 cm \u00dcst \u00c7ap : 10 cm Y\u00fckseklik : 75 cm A\u011f\u0131rl\u0131k : 4000 gr&#8230;<\/p>\n","protected":false},"featured_media":6440,"comment_status":"open","ping_status":"closed","template":"","meta":[],"product_cat":[86,70],"product_tag":[],"_links":{"self":[{"href":"https:\/\/ozturkiselbiseleri.com\/index.php?rest_route=\/wp\/v2\/product\/6439"}],"collection":[{"href":"https:\/\/ozturkiselbiseleri.com\/index.php?rest_route=\/wp\/v2\/product"}],"about":[{"href":"https:\/\/ozturkiselbiseleri.com\/index.php?rest_route=\/wp\/v2\/types\/product"}],"replies":[{"embeddable":true,"href":"https:\/\/ozturkiselbiseleri.com\/index.php?rest_route=%2Fwp%2Fv2%2Fcomments&post=6439"}],"wp:featuredmedia":[{"embeddable":true,"href":"https:\/\/ozturkiselbiseleri.com\/index.php?rest_route=\/wp\/v2\/media\/6440"}],"wp:attachment":[{"href":"https:\/\/ozturkiselbiseleri.com\/index.php?rest_route=%2Fwp%2Fv2%2Fmedia&parent=6439"}],"wp:term":[{"taxonomy":"product_cat","embeddable":true,"href":"https:\/\/ozturkiselbiseleri.com\/index.php?rest_route=%2Fwp%2Fv2%2Fproduct_cat&post=6439"},{"taxonomy":"product_tag","embeddable":true,"href":"https:\/\/ozturkiselbiseleri.com\/index.php?rest_route=%2Fwp%2Fv2%2Fproduct_tag&post=6439"}],"curies":[{"name":"wp","href":"https:\/\/api.w.org\/{rel}","templated":true}]}}