{"id":6441,"date":"2024-01-29T14:12:20","date_gmt":"2024-01-29T11:12:20","guid":{"rendered":"https:\/\/ozturkiselbiseleri.com\/?post_type=product&#038;p=6441"},"modified":"2024-01-29T14:12:20","modified_gmt":"2024-01-29T11:12:20","slug":"mfk-6304-omega-direk","status":"publish","type":"product","link":"https:\/\/ozturkiselbiseleri.com\/?product=mfk-6304-omega-direk","title":{"rendered":"MFK 6304 OMEGA D\u0130REK"},"content":{"rendered":"<h2>MFK 6304 TEKN\u0130K \u00d6ZELL\u0130KLER<\/h2>\n<p>Malzeme : Metal<\/p>\n<p>Boy : 300\/400 cm<\/p>\n<p>Kal\u0131nl\u0131k : 3 mm<\/p>\n<p>Delik \u00d6l\u00e7\u00fcs\u00fc : 10 mm<\/p>\n<p>Delik Aral\u0131\u011f\u0131 : 20 mm<\/p>\n","protected":false},"excerpt":{"rendered":"<p>MFK 6304 TEKN\u0130K \u00d6ZELL\u0130KLER Malzeme : Metal Boy : 300\/400 cm Kal\u0131nl\u0131k : 3 mm Delik \u00d6l\u00e7\u00fcs\u00fc : 10 mm Delik Aral\u0131\u011f\u0131 : 20 mm<\/p>\n","protected":false},"featured_media":6442,"comment_status":"open","ping_status":"closed","template":"","meta":[],"product_cat":[86,70],"product_tag":[],"_links":{"self":[{"href":"https:\/\/ozturkiselbiseleri.com\/index.php?rest_route=\/wp\/v2\/product\/6441"}],"collection":[{"href":"https:\/\/ozturkiselbiseleri.com\/index.php?rest_route=\/wp\/v2\/product"}],"about":[{"href":"https:\/\/ozturkiselbiseleri.com\/index.php?rest_route=\/wp\/v2\/types\/product"}],"replies":[{"embeddable":true,"href":"https:\/\/ozturkiselbiseleri.com\/index.php?rest_route=%2Fwp%2Fv2%2Fcomments&post=6441"}],"wp:featuredmedia":[{"embeddable":true,"href":"https:\/\/ozturkiselbiseleri.com\/index.php?rest_route=\/wp\/v2\/media\/6442"}],"wp:attachment":[{"href":"https:\/\/ozturkiselbiseleri.com\/index.php?rest_route=%2Fwp%2Fv2%2Fmedia&parent=6441"}],"wp:term":[{"taxonomy":"product_cat","embeddable":true,"href":"https:\/\/ozturkiselbiseleri.com\/index.php?rest_route=%2Fwp%2Fv2%2Fproduct_cat&post=6441"},{"taxonomy":"product_tag","embeddable":true,"href":"https:\/\/ozturkiselbiseleri.com\/index.php?rest_route=%2Fwp%2Fv2%2Fproduct_tag&post=6441"}],"curies":[{"name":"wp","href":"https:\/\/api.w.org\/{rel}","templated":true}]}}