{"id":6449,"date":"2024-01-29T14:15:36","date_gmt":"2024-01-29T11:15:36","guid":{"rendered":"https:\/\/ozturkiselbiseleri.com\/?post_type=product&#038;p=6449"},"modified":"2024-01-29T14:15:36","modified_gmt":"2024-01-29T11:15:36","slug":"mfk-6308-kulakli-sabit-demir-zincir-bariyeri-75-cm","status":"publish","type":"product","link":"https:\/\/ozturkiselbiseleri.com\/?product=mfk-6308-kulakli-sabit-demir-zincir-bariyeri-75-cm","title":{"rendered":"MFK 6308 KULAKLI SAB\u0130T DEM\u0130R Z\u0130NC\u0130R BAR\u0130YER\u0130 75 CM"},"content":{"rendered":"","protected":false},"excerpt":{"rendered":"","protected":false},"featured_media":6450,"comment_status":"open","ping_status":"closed","template":"","meta":[],"product_cat":[86,70],"product_tag":[],"_links":{"self":[{"href":"https:\/\/ozturkiselbiseleri.com\/index.php?rest_route=\/wp\/v2\/product\/6449"}],"collection":[{"href":"https:\/\/ozturkiselbiseleri.com\/index.php?rest_route=\/wp\/v2\/product"}],"about":[{"href":"https:\/\/ozturkiselbiseleri.com\/index.php?rest_route=\/wp\/v2\/types\/product"}],"replies":[{"embeddable":true,"href":"https:\/\/ozturkiselbiseleri.com\/index.php?rest_route=%2Fwp%2Fv2%2Fcomments&post=6449"}],"wp:featuredmedia":[{"embeddable":true,"href":"https:\/\/ozturkiselbiseleri.com\/index.php?rest_route=\/wp\/v2\/media\/6450"}],"wp:attachment":[{"href":"https:\/\/ozturkiselbiseleri.com\/index.php?rest_route=%2Fwp%2Fv2%2Fmedia&parent=6449"}],"wp:term":[{"taxonomy":"product_cat","embeddable":true,"href":"https:\/\/ozturkiselbiseleri.com\/index.php?rest_route=%2Fwp%2Fv2%2Fproduct_cat&post=6449"},{"taxonomy":"product_tag","embeddable":true,"href":"https:\/\/ozturkiselbiseleri.com\/index.php?rest_route=%2Fwp%2Fv2%2Fproduct_tag&post=6449"}],"curies":[{"name":"wp","href":"https:\/\/api.w.org\/{rel}","templated":true}]}}