{"id":6461,"date":"2024-01-29T14:20:31","date_gmt":"2024-01-29T11:20:31","guid":{"rendered":"https:\/\/ozturkiselbiseleri.com\/?post_type=product&#038;p=6461"},"modified":"2024-01-29T14:20:31","modified_gmt":"2024-01-29T11:20:31","slug":"mfk-6480-guvenlik-aynasi-80-cm","status":"publish","type":"product","link":"https:\/\/ozturkiselbiseleri.com\/?product=mfk-6480-guvenlik-aynasi-80-cm","title":{"rendered":"MFK 6480 G\u00dcVENL\u0130K AYNASI 80 CM"},"content":{"rendered":"<h2>MFK 6480 TEKN\u0130K \u00d6ZELL\u0130KLER<\/h2>\n<p>Malzeme : Akrilik Lens \/ PPC\u00a0 \u00c7er\u00e7eve<\/p>\n<p>\u00d6l\u00e7\u00fcler\u00a0 \u00a0 : 80 cm<\/p>\n<p>Renk\u00a0 \u00a0 \u00a0 \u00a0 : Turuncu<\/p>\n<p>Montaj\u00a0 \u00a0 : M \u00d88 \u00d6zel Aparatl\u0131, \u00d8 50 ile 75 Aras\u0131, Dire\u011fe Montaj, Dubel ve Vidayla Duvara Montaj<\/p>\n","protected":false},"excerpt":{"rendered":"<p>MFK 6480 TEKN\u0130K \u00d6ZELL\u0130KLER Malzeme : Akrilik Lens \/ PPC\u00a0 \u00c7er\u00e7eve \u00d6l\u00e7\u00fcler\u00a0 \u00a0 : 80 cm Renk\u00a0 \u00a0 \u00a0 \u00a0 : Turuncu Montaj\u00a0 \u00a0 :&#8230;<\/p>\n","protected":false},"featured_media":6462,"comment_status":"open","ping_status":"closed","template":"","meta":[],"product_cat":[87,70],"product_tag":[],"_links":{"self":[{"href":"https:\/\/ozturkiselbiseleri.com\/index.php?rest_route=\/wp\/v2\/product\/6461"}],"collection":[{"href":"https:\/\/ozturkiselbiseleri.com\/index.php?rest_route=\/wp\/v2\/product"}],"about":[{"href":"https:\/\/ozturkiselbiseleri.com\/index.php?rest_route=\/wp\/v2\/types\/product"}],"replies":[{"embeddable":true,"href":"https:\/\/ozturkiselbiseleri.com\/index.php?rest_route=%2Fwp%2Fv2%2Fcomments&post=6461"}],"wp:featuredmedia":[{"embeddable":true,"href":"https:\/\/ozturkiselbiseleri.com\/index.php?rest_route=\/wp\/v2\/media\/6462"}],"wp:attachment":[{"href":"https:\/\/ozturkiselbiseleri.com\/index.php?rest_route=%2Fwp%2Fv2%2Fmedia&parent=6461"}],"wp:term":[{"taxonomy":"product_cat","embeddable":true,"href":"https:\/\/ozturkiselbiseleri.com\/index.php?rest_route=%2Fwp%2Fv2%2Fproduct_cat&post=6461"},{"taxonomy":"product_tag","embeddable":true,"href":"https:\/\/ozturkiselbiseleri.com\/index.php?rest_route=%2Fwp%2Fv2%2Fproduct_tag&post=6461"}],"curies":[{"name":"wp","href":"https:\/\/api.w.org\/{rel}","templated":true}]}}