{"id":6471,"date":"2024-01-29T14:40:27","date_gmt":"2024-01-29T11:40:27","guid":{"rendered":"https:\/\/ozturkiselbiseleri.com\/?post_type=product&#038;p=6471"},"modified":"2024-01-29T14:40:27","modified_gmt":"2024-01-29T11:40:27","slug":"mfk-6666-kb-plastik-zincir-kirmizi-beyaz-6-mm","status":"publish","type":"product","link":"https:\/\/ozturkiselbiseleri.com\/?product=mfk-6666-kb-plastik-zincir-kirmizi-beyaz-6-mm","title":{"rendered":"MFK 6666\/KB PLAST\u0130K Z\u0130NC\u0130R KIRMIZI BEYAZ 6 MM"},"content":{"rendered":"","protected":false},"excerpt":{"rendered":"","protected":false},"featured_media":6472,"comment_status":"open","ping_status":"closed","template":"","meta":[],"product_cat":[70,88],"product_tag":[],"_links":{"self":[{"href":"https:\/\/ozturkiselbiseleri.com\/index.php?rest_route=\/wp\/v2\/product\/6471"}],"collection":[{"href":"https:\/\/ozturkiselbiseleri.com\/index.php?rest_route=\/wp\/v2\/product"}],"about":[{"href":"https:\/\/ozturkiselbiseleri.com\/index.php?rest_route=\/wp\/v2\/types\/product"}],"replies":[{"embeddable":true,"href":"https:\/\/ozturkiselbiseleri.com\/index.php?rest_route=%2Fwp%2Fv2%2Fcomments&post=6471"}],"wp:featuredmedia":[{"embeddable":true,"href":"https:\/\/ozturkiselbiseleri.com\/index.php?rest_route=\/wp\/v2\/media\/6472"}],"wp:attachment":[{"href":"https:\/\/ozturkiselbiseleri.com\/index.php?rest_route=%2Fwp%2Fv2%2Fmedia&parent=6471"}],"wp:term":[{"taxonomy":"product_cat","embeddable":true,"href":"https:\/\/ozturkiselbiseleri.com\/index.php?rest_route=%2Fwp%2Fv2%2Fproduct_cat&post=6471"},{"taxonomy":"product_tag","embeddable":true,"href":"https:\/\/ozturkiselbiseleri.com\/index.php?rest_route=%2Fwp%2Fv2%2Fproduct_tag&post=6471"}],"curies":[{"name":"wp","href":"https:\/\/api.w.org\/{rel}","templated":true}]}}