{"id":6473,"date":"2024-01-29T14:41:04","date_gmt":"2024-01-29T11:41:04","guid":{"rendered":"https:\/\/ozturkiselbiseleri.com\/?post_type=product&#038;p=6473"},"modified":"2024-01-29T14:41:04","modified_gmt":"2024-01-29T11:41:04","slug":"mfk-6668-ss-plastik-zincir-sari-siyah-8-mm","status":"publish","type":"product","link":"https:\/\/ozturkiselbiseleri.com\/?product=mfk-6668-ss-plastik-zincir-sari-siyah-8-mm","title":{"rendered":"MFK 6668\/SS PLAST\u0130K Z\u0130NC\u0130R SARI S\u0130YAH 8 MM"},"content":{"rendered":"<h2>MFK 6668\/SS TEKN\u0130K \u00d6ZELL\u0130KLER<\/h2>\n<table width=\"300\">\n<tbody>\n<tr>\n<td width=\"86\">Malzeme<\/td>\n<td width=\"8\">:<\/td>\n<td width=\"206\">PE<\/td>\n<\/tr>\n<tr>\n<td>Kal\u0131nl\u0131k<\/td>\n<td>:<\/td>\n<td>8 mm<\/td>\n<\/tr>\n<tr>\n<td>Uzunluk<\/td>\n<td>:<\/td>\n<td>100 mt lik Kutuda<\/td>\n<\/tr>\n<tr>\n<td>A\u011f\u0131rl\u0131k<\/td>\n<td>:<\/td>\n<td>&#8211;<\/td>\n<\/tr>\n<tr>\n<td>Renk<\/td>\n<td>:<\/td>\n<td>Siyah + Sar\u0131 , K\u0131rm\u0131z\u0131 + Beyaz<\/td>\n<\/tr>\n<tr>\n<td>Kullan\u0131m<\/td>\n<td>:<\/td>\n<td>Delinat\u00f6rler, Koniler, Dikmeler, vb.<\/td>\n<\/tr>\n<\/tbody>\n<\/table>\n<p>&nbsp;<\/p>\n","protected":false},"excerpt":{"rendered":"<p>MFK 6668\/SS TEKN\u0130K \u00d6ZELL\u0130KLER Malzeme : PE Kal\u0131nl\u0131k : 8 mm Uzunluk : 100 mt lik Kutuda A\u011f\u0131rl\u0131k : &#8211; Renk : Siyah + Sar\u0131&#8230;<\/p>\n","protected":false},"featured_media":6474,"comment_status":"open","ping_status":"closed","template":"","meta":[],"product_cat":[70,88],"product_tag":[],"_links":{"self":[{"href":"https:\/\/ozturkiselbiseleri.com\/index.php?rest_route=\/wp\/v2\/product\/6473"}],"collection":[{"href":"https:\/\/ozturkiselbiseleri.com\/index.php?rest_route=\/wp\/v2\/product"}],"about":[{"href":"https:\/\/ozturkiselbiseleri.com\/index.php?rest_route=\/wp\/v2\/types\/product"}],"replies":[{"embeddable":true,"href":"https:\/\/ozturkiselbiseleri.com\/index.php?rest_route=%2Fwp%2Fv2%2Fcomments&post=6473"}],"wp:featuredmedia":[{"embeddable":true,"href":"https:\/\/ozturkiselbiseleri.com\/index.php?rest_route=\/wp\/v2\/media\/6474"}],"wp:attachment":[{"href":"https:\/\/ozturkiselbiseleri.com\/index.php?rest_route=%2Fwp%2Fv2%2Fmedia&parent=6473"}],"wp:term":[{"taxonomy":"product_cat","embeddable":true,"href":"https:\/\/ozturkiselbiseleri.com\/index.php?rest_route=%2Fwp%2Fv2%2Fproduct_cat&post=6473"},{"taxonomy":"product_tag","embeddable":true,"href":"https:\/\/ozturkiselbiseleri.com\/index.php?rest_route=%2Fwp%2Fv2%2Fproduct_tag&post=6473"}],"curies":[{"name":"wp","href":"https:\/\/api.w.org\/{rel}","templated":true}]}}